
{"id":34,"date":"2023-02-27T22:39:18","date_gmt":"2023-02-27T21:39:18","guid":{"rendered":"https:\/\/asma.ideotours.fr\/photoguibout\/?page_id=34"},"modified":"2023-02-28T18:58:36","modified_gmt":"2023-02-28T17:58:36","slug":"qui-sommes-nous","status":"publish","type":"page","link":"https:\/\/asma.ideotours.fr\/photoguibout\/qui-sommes-nous\/","title":{"rendered":"Qui sommes-nous ?"},"content":{"rendered":"\t\t<div data-elementor-type=\"wp-page\" data-elementor-id=\"34\" class=\"elementor elementor-34\">\n\t\t\t\t\t\t\t\t\t<section class=\"elementor-section elementor-top-section elementor-element elementor-element-5dc71dd elementor-section-boxed elementor-section-height-default elementor-section-height-default\" data-id=\"5dc71dd\" data-element_type=\"section\">\n\t\t\t\t\t\t<div class=\"elementor-container elementor-column-gap-default\">\n\t\t\t\t\t<div class=\"elementor-column elementor-col-100 elementor-top-column elementor-element elementor-element-ca6304a\" data-id=\"ca6304a\" data-element_type=\"column\">\n\t\t\t<div class=\"elementor-widget-wrap elementor-element-populated\">\n\t\t\t\t\t\t\t\t<div class=\"elementor-element elementor-element-8d8d2b5 elementor-widget elementor-widget-text-editor\" data-id=\"8d8d2b5\" data-element_type=\"widget\" data-widget_type=\"text-editor.default\">\n\t\t\t\t<div class=\"elementor-widget-container\">\n\t\t\t<style>\/*! elementor - v3.12.1 - 02-04-2023 *\/\n.elementor-widget-text-editor.elementor-drop-cap-view-stacked .elementor-drop-cap{background-color:#69727d;color:#fff}.elementor-widget-text-editor.elementor-drop-cap-view-framed .elementor-drop-cap{color:#69727d;border:3px solid;background-color:transparent}.elementor-widget-text-editor:not(.elementor-drop-cap-view-default) .elementor-drop-cap{margin-top:8px}.elementor-widget-text-editor:not(.elementor-drop-cap-view-default) .elementor-drop-cap-letter{width:1em;height:1em}.elementor-widget-text-editor .elementor-drop-cap{float:left;text-align:center;line-height:1;font-size:50px}.elementor-widget-text-editor .elementor-drop-cap-letter{display:inline-block}<\/style>\t\t\t\t<p>Install\u00e9 depuis 14 ans en <strong>Indre et Loire<\/strong>, Photo Guibout vous accueille dans <strong>sa boutique 10 rue du G\u00e9n\u00e9ral de Gaulle \u00e0 Bl\u00e9r\u00e9<\/strong>. Dans son magasin, Boris Guibout vous proposera de nombreux services li\u00e9s \u00e0 la photographie, ainsi qu\u2019au traitement de l\u2019image. <\/p>\n<p>Des services que vous pourrez \u00e9galement retrouver sur l\u2019espace \u00ab\u00a0vente en ligne\u00a0\u00bb\u00a0! <\/p>\n<p><strong>Passionn\u00e9 de photographie<\/strong> depuis de nombreuses ann\u00e9es, Photo Guibout met son savoir-faire \u00e0 votre service pour r\u00e9pondre \u00e0 vos besoins, id\u00e9es ou envies. <strong>Chaque image est unique<\/strong>, peu importe votre projet, cet instant marquera votre vie. <\/p>\n\t\t\t\t\t\t<\/div>\n\t\t\t\t<\/div>\n\t\t\t\t<div class=\"elementor-element elementor-element-284957e elementor-widget elementor-widget-spacer\" data-id=\"284957e\" data-element_type=\"widget\" data-widget_type=\"spacer.default\">\n\t\t\t\t<div class=\"elementor-widget-container\">\n\t\t\t<style>\/*! elementor - v3.12.1 - 02-04-2023 *\/\n.elementor-column .elementor-spacer-inner{height:var(--spacer-size)}.e-con{--container-widget-width:100%}.e-con-inner>.elementor-widget-spacer,.e-con>.elementor-widget-spacer{width:var(--container-widget-width,var(--spacer-size));--align-self:var(--container-widget-align-self,initial);--flex-shrink:0}.e-con-inner>.elementor-widget-spacer>.elementor-widget-container,.e-con-inner>.elementor-widget-spacer>.elementor-widget-container>.elementor-spacer,.e-con>.elementor-widget-spacer>.elementor-widget-container,.e-con>.elementor-widget-spacer>.elementor-widget-container>.elementor-spacer{height:100%}.e-con-inner>.elementor-widget-spacer>.elementor-widget-container>.elementor-spacer>.elementor-spacer-inner,.e-con>.elementor-widget-spacer>.elementor-widget-container>.elementor-spacer>.elementor-spacer-inner{height:var(--container-widget-height,var(--spacer-size))}<\/style>\t\t<div class=\"elementor-spacer\">\n\t\t\t<div class=\"elementor-spacer-inner\"><\/div>\n\t\t<\/div>\n\t\t\t\t<\/div>\n\t\t\t\t<\/div>\n\t\t\t\t\t<\/div>\n\t\t<\/div>\n\t\t\t\t\t\t\t<\/div>\n\t\t<\/section>\n\t\t\t\t<section class=\"elementor-section elementor-top-section elementor-element elementor-element-0ae770f elementor-section-content-middle elementor-section-boxed elementor-section-height-default elementor-section-height-default\" data-id=\"0ae770f\" data-element_type=\"section\">\n\t\t\t\t\t\t<div class=\"elementor-container elementor-column-gap-default\">\n\t\t\t\t\t<div class=\"elementor-column elementor-col-100 elementor-top-column elementor-element elementor-element-9549412\" data-id=\"9549412\" data-element_type=\"column\">\n\t\t\t<div class=\"elementor-widget-wrap elementor-element-populated\">\n\t\t\t\t\t\t\t\t<section class=\"elementor-section elementor-inner-section elementor-element elementor-element-2f2b1c2 elementor-section-boxed elementor-section-height-default elementor-section-height-default\" data-id=\"2f2b1c2\" data-element_type=\"section\">\n\t\t\t\t\t\t<div class=\"elementor-container elementor-column-gap-default\">\n\t\t\t\t\t<div class=\"elementor-column elementor-col-50 elementor-inner-column elementor-element elementor-element-5749f9a\" data-id=\"5749f9a\" data-element_type=\"column\">\n\t\t\t<div class=\"elementor-widget-wrap elementor-element-populated\">\n\t\t\t\t\t\t\t\t<div class=\"elementor-element elementor-element-35939ad elementor-widget elementor-widget-image\" data-id=\"35939ad\" data-element_type=\"widget\" data-widget_type=\"image.default\">\n\t\t\t\t<div class=\"elementor-widget-container\">\n\t\t\t<style>\/*! elementor - v3.12.1 - 02-04-2023 *\/\n.elementor-widget-image{text-align:center}.elementor-widget-image a{display:inline-block}.elementor-widget-image a img[src$=\".svg\"]{width:48px}.elementor-widget-image img{vertical-align:middle;display:inline-block}<\/style>\t\t\t\t\t\t\t\t\t\t\t\t<img decoding=\"async\" width=\"1024\" height=\"683\" src=\"https:\/\/asma.ideotours.fr\/photoguibout\/wp-content\/uploads\/2023\/02\/annie-spratt-68tR2jJskz0-unsplash-1024x683.jpg\" class=\"attachment-large size-large wp-image-109\" alt=\"\" srcset=\"https:\/\/asma.ideotours.fr\/photoguibout\/wp-content\/uploads\/2023\/02\/annie-spratt-68tR2jJskz0-unsplash-1024x683.jpg 1024w, https:\/\/asma.ideotours.fr\/photoguibout\/wp-content\/uploads\/2023\/02\/annie-spratt-68tR2jJskz0-unsplash-300x200.jpg 300w, https:\/\/asma.ideotours.fr\/photoguibout\/wp-content\/uploads\/2023\/02\/annie-spratt-68tR2jJskz0-unsplash-768x512.jpg 768w, https:\/\/asma.ideotours.fr\/photoguibout\/wp-content\/uploads\/2023\/02\/annie-spratt-68tR2jJskz0-unsplash-1536x1024.jpg 1536w, https:\/\/asma.ideotours.fr\/photoguibout\/wp-content\/uploads\/2023\/02\/annie-spratt-68tR2jJskz0-unsplash-500x333.jpg 500w, https:\/\/asma.ideotours.fr\/photoguibout\/wp-content\/uploads\/2023\/02\/annie-spratt-68tR2jJskz0-unsplash-800x533.jpg 800w, https:\/\/asma.ideotours.fr\/photoguibout\/wp-content\/uploads\/2023\/02\/annie-spratt-68tR2jJskz0-unsplash-1280x853.jpg 1280w, https:\/\/asma.ideotours.fr\/photoguibout\/wp-content\/uploads\/2023\/02\/annie-spratt-68tR2jJskz0-unsplash.jpg 1920w\" sizes=\"(max-width: 1024px) 100vw, 1024px\" \/>\t\t\t\t\t\t\t\t\t\t\t\t\t\t\t<\/div>\n\t\t\t\t<\/div>\n\t\t\t\t\t<\/div>\n\t\t<\/div>\n\t\t\t\t<div class=\"elementor-column elementor-col-50 elementor-inner-column elementor-element elementor-element-f5ff0c9\" data-id=\"f5ff0c9\" data-element_type=\"column\">\n\t\t\t<div class=\"elementor-widget-wrap elementor-element-populated\">\n\t\t\t\t\t\t\t\t<div class=\"elementor-element elementor-element-533297d elementor-widget elementor-widget-heading\" data-id=\"533297d\" data-element_type=\"widget\" data-widget_type=\"heading.default\">\n\t\t\t\t<div class=\"elementor-widget-container\">\n\t\t\t<style>\/*! elementor - v3.12.1 - 02-04-2023 *\/\n.elementor-heading-title{padding:0;margin:0;line-height:1}.elementor-widget-heading .elementor-heading-title[class*=elementor-size-]>a{color:inherit;font-size:inherit;line-height:inherit}.elementor-widget-heading .elementor-heading-title.elementor-size-small{font-size:15px}.elementor-widget-heading .elementor-heading-title.elementor-size-medium{font-size:19px}.elementor-widget-heading .elementor-heading-title.elementor-size-large{font-size:29px}.elementor-widget-heading .elementor-heading-title.elementor-size-xl{font-size:39px}.elementor-widget-heading .elementor-heading-title.elementor-size-xxl{font-size:59px}<\/style><h2 class=\"elementor-heading-title elementor-size-xl\">La photographie<\/h2>\t\t<\/div>\n\t\t\t\t<\/div>\n\t\t\t\t<div class=\"elementor-element elementor-element-6b26bb0 elementor-widget elementor-widget-text-editor\" data-id=\"6b26bb0\" data-element_type=\"widget\" data-widget_type=\"text-editor.default\">\n\t\t\t\t<div class=\"elementor-widget-container\">\n\t\t\t\t\t\t\t<p>La photographie est <strong>un beau et incroyable terrain de jeux<\/strong> et c\u2019est aussi l\u2019occasion d\u2019\u00eatre <strong>au plus pr\u00e8s de vous<\/strong> et de <strong>partager de beaux moments<\/strong>. Des moments parfois dr\u00f4les, \u00e9mouvants, cocasses, mais toujours inoubliables.<\/p><p>Le photographe met ses images, ses yeux et son exp\u00e9rience <strong>\u00e0 votre service<\/strong>. Il est \u00e0 l\u2019\u00e9coute avant, pendant et apr\u00e8s la s\u00e9ance photo, afin de vous <strong>guider<\/strong>, vous <strong>conseiller<\/strong>, vous <strong>rassurer<\/strong> si n\u00e9cessaire. Que vous soyez de futurs mari\u00e9s, seul, en famille, une \u00e9quipe\u2026 <strong>chaque demande et chaque projet se doit d\u2019\u00eatre trait\u00e9 avec professionnalisme, int\u00e9r\u00eat et enthousiasme.\u00a0<\/strong><\/p>\t\t\t\t\t\t<\/div>\n\t\t\t\t<\/div>\n\t\t\t\t\t<\/div>\n\t\t<\/div>\n\t\t\t\t\t\t\t<\/div>\n\t\t<\/section>\n\t\t\t\t<div class=\"elementor-element elementor-element-a810c8a elementor-widget elementor-widget-spacer\" data-id=\"a810c8a\" data-element_type=\"widget\" data-widget_type=\"spacer.default\">\n\t\t\t\t<div class=\"elementor-widget-container\">\n\t\t\t\t\t<div class=\"elementor-spacer\">\n\t\t\t<div class=\"elementor-spacer-inner\"><\/div>\n\t\t<\/div>\n\t\t\t\t<\/div>\n\t\t\t\t<\/div>\n\t\t\t\t<section class=\"elementor-section elementor-inner-section elementor-element elementor-element-331db0f elementor-reverse-mobile elementor-section-boxed elementor-section-height-default elementor-section-height-default\" data-id=\"331db0f\" data-element_type=\"section\">\n\t\t\t\t\t\t<div class=\"elementor-container elementor-column-gap-default\">\n\t\t\t\t\t<div class=\"elementor-column elementor-col-50 elementor-inner-column elementor-element elementor-element-ccad342\" data-id=\"ccad342\" data-element_type=\"column\">\n\t\t\t<div class=\"elementor-widget-wrap elementor-element-populated\">\n\t\t\t\t\t\t\t\t<div class=\"elementor-element elementor-element-6e39b05 elementor-widget elementor-widget-heading\" data-id=\"6e39b05\" data-element_type=\"widget\" data-widget_type=\"heading.default\">\n\t\t\t\t<div class=\"elementor-widget-container\">\n\t\t\t<h2 class=\"elementor-heading-title elementor-size-xl\">Photo Guibout<\/h2>\t\t<\/div>\n\t\t\t\t<\/div>\n\t\t\t\t<div class=\"elementor-element elementor-element-b42eda2 elementor-widget elementor-widget-text-editor\" data-id=\"b42eda2\" data-element_type=\"widget\" data-widget_type=\"text-editor.default\">\n\t\t\t\t<div class=\"elementor-widget-container\">\n\t\t\t\t\t\t\tVous avez besoin d\u2019un photographe pour le plus beau jour de votre vie\u00a0? Vous souhaitez immortaliser un moment important\u00a0? Vous avez envie de passer devant l\u2019objectif pour le simple plaisir et vous cr\u00e9er de beaux souvenirs\u00a0?\n\nQue vous soyez <strong>particulier<\/strong> ou <strong>professionnel<\/strong>, Photo Guibout vous accueillera dans son studio ou se d\u00e9placera jusqu\u2019\u00e0 vous pour faire de cet instant un moment unique. <strong>Portraits en studio<\/strong> ou <strong>en ext\u00e9rieur<\/strong>, <strong>photos d\u2019identit\u00e9<\/strong>, <strong>reportages<\/strong> en entreprises, <strong>mariages<\/strong>, <strong>bapt\u00eames<\/strong>\u2026 vous m\u00e9ritez <strong>un photographe aux comp\u00e9tences prouv\u00e9es <\/strong>afin de mettre en valeur cet \u00e9v\u00e9nement\u00a0!\n\nMais Photo Guibout ne vous propose pas uniquement son savoir-faire en tant que photographe. En boutique, et en vente en ligne, vous pourrez <strong>\u00e9galement trouver de nombreux services\u00a0li\u00e9s \u00e0 la photographie et au traitement de l\u2019image<\/strong> :\n\t\t\t\t\t\t<\/div>\n\t\t\t\t<\/div>\n\t\t\t\t<div class=\"elementor-element elementor-element-aaa0951 elementor-icon-list--layout-traditional elementor-list-item-link-full_width elementor-widget elementor-widget-icon-list\" data-id=\"aaa0951\" data-element_type=\"widget\" data-widget_type=\"icon-list.default\">\n\t\t\t\t<div class=\"elementor-widget-container\">\n\t\t\t<link rel=\"stylesheet\" href=\"https:\/\/asma.ideotours.fr\/photoguibout\/wp-content\/plugins\/elementor\/assets\/css\/widget-icon-list.min.css\">\t\t<ul class=\"elementor-icon-list-items\">\n\t\t\t\t\t\t\t<li class=\"elementor-icon-list-item\">\n\t\t\t\t\t\t\t\t\t\t\t<span class=\"elementor-icon-list-icon\">\n\t\t\t\t\t\t\t<i aria-hidden=\"true\" class=\"fas fa-check-circle\"><\/i>\t\t\t\t\t\t<\/span>\n\t\t\t\t\t\t\t\t\t\t<span class=\"elementor-icon-list-text\">D\u00e9veloppement et tirages argentiques et num\u00e9riques<\/span>\n\t\t\t\t\t\t\t\t\t<\/li>\n\t\t\t\t\t\t\t\t<li class=\"elementor-icon-list-item\">\n\t\t\t\t\t\t\t\t\t\t\t<span class=\"elementor-icon-list-icon\">\n\t\t\t\t\t\t\t<i aria-hidden=\"true\" class=\"fas fa-check-circle\"><\/i>\t\t\t\t\t\t<\/span>\n\t\t\t\t\t\t\t\t\t\t<span class=\"elementor-icon-list-text\">Agrandissements d\u2019images<\/span>\n\t\t\t\t\t\t\t\t\t<\/li>\n\t\t\t\t\t\t\t\t<li class=\"elementor-icon-list-item\">\n\t\t\t\t\t\t\t\t\t\t\t<span class=\"elementor-icon-list-icon\">\n\t\t\t\t\t\t\t<i aria-hidden=\"true\" class=\"fas fa-check-circle\"><\/i>\t\t\t\t\t\t<\/span>\n\t\t\t\t\t\t\t\t\t\t<span class=\"elementor-icon-list-text\">Copies et reproductions<\/span>\n\t\t\t\t\t\t\t\t\t<\/li>\n\t\t\t\t\t\t\t\t<li class=\"elementor-icon-list-item\">\n\t\t\t\t\t\t\t\t\t\t\t<span class=\"elementor-icon-list-icon\">\n\t\t\t\t\t\t\t<i aria-hidden=\"true\" class=\"fas fa-check-circle\"><\/i>\t\t\t\t\t\t<\/span>\n\t\t\t\t\t\t\t\t\t\t<span class=\"elementor-icon-list-text\">Num\u00e9risation<\/span>\n\t\t\t\t\t\t\t\t\t<\/li>\n\t\t\t\t\t\t\t\t<li class=\"elementor-icon-list-item\">\n\t\t\t\t\t\t\t\t\t\t\t<span class=\"elementor-icon-list-icon\">\n\t\t\t\t\t\t\t<i aria-hidden=\"true\" class=\"fas fa-check-circle\"><\/i>\t\t\t\t\t\t<\/span>\n\t\t\t\t\t\t\t\t\t\t<span class=\"elementor-icon-list-text\">Vente de mat\u00e9riel et d\u2019accessoires<\/span>\n\t\t\t\t\t\t\t\t\t<\/li>\n\t\t\t\t\t\t<\/ul>\n\t\t\t\t<\/div>\n\t\t\t\t<\/div>\n\t\t\t\t\t<\/div>\n\t\t<\/div>\n\t\t\t\t<div class=\"elementor-column elementor-col-50 elementor-inner-column elementor-element elementor-element-bac3dd3\" data-id=\"bac3dd3\" data-element_type=\"column\">\n\t\t\t<div class=\"elementor-widget-wrap elementor-element-populated\">\n\t\t\t\t\t\t\t\t<div class=\"elementor-element elementor-element-451d7d9 elementor-widget elementor-widget-image\" data-id=\"451d7d9\" data-element_type=\"widget\" data-widget_type=\"image.default\">\n\t\t\t\t<div class=\"elementor-widget-container\">\n\t\t\t\t\t\t\t\t\t\t\t\t\t\t\t<img decoding=\"async\" width=\"1024\" height=\"1024\" src=\"https:\/\/asma.ideotours.fr\/photoguibout\/wp-content\/uploads\/2023\/02\/photorapher-1024x1024.jpg\" class=\"attachment-large size-large wp-image-201\" alt=\"\" srcset=\"https:\/\/asma.ideotours.fr\/photoguibout\/wp-content\/uploads\/2023\/02\/photorapher-1024x1024.jpg 1024w, https:\/\/asma.ideotours.fr\/photoguibout\/wp-content\/uploads\/2023\/02\/photorapher-300x300.jpg 300w, https:\/\/asma.ideotours.fr\/photoguibout\/wp-content\/uploads\/2023\/02\/photorapher-150x150.jpg 150w, https:\/\/asma.ideotours.fr\/photoguibout\/wp-content\/uploads\/2023\/02\/photorapher-768x768.jpg 768w, https:\/\/asma.ideotours.fr\/photoguibout\/wp-content\/uploads\/2023\/02\/photorapher-1536x1536.jpg 1536w, https:\/\/asma.ideotours.fr\/photoguibout\/wp-content\/uploads\/2023\/02\/photorapher-500x500.jpg 500w, https:\/\/asma.ideotours.fr\/photoguibout\/wp-content\/uploads\/2023\/02\/photorapher-800x800.jpg 800w, https:\/\/asma.ideotours.fr\/photoguibout\/wp-content\/uploads\/2023\/02\/photorapher-1280x1280.jpg 1280w, https:\/\/asma.ideotours.fr\/photoguibout\/wp-content\/uploads\/2023\/02\/photorapher.jpg 1920w\" sizes=\"(max-width: 1024px) 100vw, 1024px\" \/>\t\t\t\t\t\t\t\t\t\t\t\t\t\t\t<\/div>\n\t\t\t\t<\/div>\n\t\t\t\t\t<\/div>\n\t\t<\/div>\n\t\t\t\t\t\t\t<\/div>\n\t\t<\/section>\n\t\t\t\t<div class=\"elementor-element elementor-element-e19510d elementor-widget elementor-widget-spacer\" data-id=\"e19510d\" data-element_type=\"widget\" data-widget_type=\"spacer.default\">\n\t\t\t\t<div class=\"elementor-widget-container\">\n\t\t\t\t\t<div class=\"elementor-spacer\">\n\t\t\t<div class=\"elementor-spacer-inner\"><\/div>\n\t\t<\/div>\n\t\t\t\t<\/div>\n\t\t\t\t<\/div>\n\t\t\t\t\t<\/div>\n\t\t<\/div>\n\t\t\t\t\t\t\t<\/div>\n\t\t<\/section>\n\t\t\t\t<section class=\"elementor-section elementor-top-section elementor-element elementor-element-2324088 elementor-section-boxed elementor-section-height-default elementor-section-height-default\" data-id=\"2324088\" data-element_type=\"section\">\n\t\t\t\t\t\t<div class=\"elementor-container elementor-column-gap-default\">\n\t\t\t\t\t<div class=\"elementor-column elementor-col-100 elementor-top-column elementor-element elementor-element-9628503\" data-id=\"9628503\" data-element_type=\"column\">\n\t\t\t<div class=\"elementor-widget-wrap elementor-element-populated\">\n\t\t\t\t\t\t\t\t<div class=\"elementor-element elementor-element-0048bbc elementor-widget elementor-widget-text-editor\" data-id=\"0048bbc\" data-element_type=\"widget\" data-widget_type=\"text-editor.default\">\n\t\t\t\t<div class=\"elementor-widget-container\">\n\t\t\t\t\t\t\tPortraits, reportages et mariages, vente de mat\u00e9riel, conseils avis\u00e9s, \u00e9coute et comp\u00e9tences\u00a0: c\u2019est ce que vous trouverez chez Photo Guibout. Pour tous renseignements, projets ou envies, n\u2019h\u00e9sitez pas \u00e0 contacter Photo Guibout. Une <strong>r\u00e9ponse personnalis\u00e9e<\/strong> et une <strong>oreille attentive <\/strong>vous seront apport\u00e9es.\n<p><strong>Bonne visite et \u00e0 tr\u00e8s vite\u00a0!<\/strong><\/p>\t\t\t\t\t\t<\/div>\n\t\t\t\t<\/div>\n\t\t\t\t\t<\/div>\n\t\t<\/div>\n\t\t\t\t\t\t\t<\/div>\n\t\t<\/section>\n\t\t\t\t\t\t\t<\/div>\n\t\t","protected":false},"excerpt":{"rendered":"<p>Install\u00e9 depuis 14 ans en Indre et Loire, Photo Guibout vous accueille dans sa boutique 10 rue du G\u00e9n\u00e9ral de Gaulle \u00e0 Bl\u00e9r\u00e9. Dans son magasin, Boris Guibout vous proposera de nombreux services li\u00e9s \u00e0 la photographie, ainsi qu\u2019au traitement de l\u2019image. Des services que vous pourrez \u00e9galement retrouver sur l\u2019espace \u00ab\u00a0vente en ligne\u00a0\u00bb\u00a0! Passionn\u00e9 [&hellip;]<\/p>\n","protected":false},"author":1,"featured_media":93,"parent":0,"menu_order":0,"comment_status":"closed","ping_status":"closed","template":"","meta":{"footnotes":"","_vp_format_video_url":"","_vp_image_focal_point":{"x":0.61,"y":0.42}},"yoast_head":"<!-- This site is optimized with the Yoast SEO plugin v20.5 - https:\/\/yoast.com\/wordpress\/plugins\/seo\/ -->\n<title>Qui sommes-nous ? - Photo Guibout<\/title>\n<meta name=\"robots\" content=\"noindex, follow, max-snippet:-1, max-image-preview:large, max-video-preview:-1\" \/>\n<meta property=\"og:locale\" content=\"fr_FR\" \/>\n<meta property=\"og:type\" content=\"article\" \/>\n<meta property=\"og:title\" content=\"Qui sommes-nous ? - Photo Guibout\" \/>\n<meta property=\"og:description\" content=\"Install\u00e9 depuis 14 ans en Indre et Loire, Photo Guibout vous accueille dans sa boutique 10 rue du G\u00e9n\u00e9ral de Gaulle \u00e0 Bl\u00e9r\u00e9. Dans son magasin, Boris Guibout vous proposera de nombreux services li\u00e9s \u00e0 la photographie, ainsi qu\u2019au traitement de l\u2019image. Des services que vous pourrez \u00e9galement retrouver sur l\u2019espace \u00ab\u00a0vente en ligne\u00a0\u00bb\u00a0! Passionn\u00e9 [&hellip;]\" \/>\n<meta property=\"og:url\" content=\"https:\/\/asma.ideotours.fr\/photoguibout\/qui-sommes-nous\/\" \/>\n<meta property=\"og:site_name\" content=\"Photo Guibout\" \/>\n<meta property=\"article:modified_time\" content=\"2023-02-28T17:58:36+00:00\" \/>\n<meta property=\"og:image\" content=\"https:\/\/asma.ideotours.fr\/photoguibout\/wp-content\/uploads\/2023\/02\/banner-qui-sommes-nous.jpg\" \/>\n\t<meta property=\"og:image:width\" content=\"1920\" \/>\n\t<meta property=\"og:image:height\" content=\"578\" \/>\n\t<meta property=\"og:image:type\" content=\"image\/jpeg\" \/>\n<meta name=\"twitter:card\" content=\"summary_large_image\" \/>\n<meta name=\"twitter:label1\" content=\"Dur\u00e9e de lecture estim\u00e9e\" \/>\n\t<meta name=\"twitter:data1\" content=\"3 minutes\" \/>\n<script type=\"application\/ld+json\" class=\"yoast-schema-graph\">{\"@context\":\"https:\/\/schema.org\",\"@graph\":[{\"@type\":\"WebPage\",\"@id\":\"https:\/\/asma.ideotours.fr\/photoguibout\/qui-sommes-nous\/\",\"url\":\"https:\/\/asma.ideotours.fr\/photoguibout\/qui-sommes-nous\/\",\"name\":\"Qui sommes-nous ? - Photo Guibout\",\"isPartOf\":{\"@id\":\"https:\/\/asma.ideotours.fr\/photoguibout\/#website\"},\"datePublished\":\"2023-02-27T21:39:18+00:00\",\"dateModified\":\"2023-02-28T17:58:36+00:00\",\"breadcrumb\":{\"@id\":\"https:\/\/asma.ideotours.fr\/photoguibout\/qui-sommes-nous\/#breadcrumb\"},\"inLanguage\":\"fr-FR\",\"potentialAction\":[{\"@type\":\"ReadAction\",\"target\":[\"https:\/\/asma.ideotours.fr\/photoguibout\/qui-sommes-nous\/\"]}]},{\"@type\":\"BreadcrumbList\",\"@id\":\"https:\/\/asma.ideotours.fr\/photoguibout\/qui-sommes-nous\/#breadcrumb\",\"itemListElement\":[{\"@type\":\"ListItem\",\"position\":1,\"name\":\"Accueil\",\"item\":\"https:\/\/asma.ideotours.fr\/photoguibout\/\"},{\"@type\":\"ListItem\",\"position\":2,\"name\":\"Qui sommes-nous ?\"}]},{\"@type\":\"WebSite\",\"@id\":\"https:\/\/asma.ideotours.fr\/photoguibout\/#website\",\"url\":\"https:\/\/asma.ideotours.fr\/photoguibout\/\",\"name\":\"Photo Guibout\",\"description\":\"\",\"publisher\":{\"@id\":\"https:\/\/asma.ideotours.fr\/photoguibout\/#\/schema\/person\/3a9d5f568466f7757e0abc8be3054d3c\"},\"potentialAction\":[{\"@type\":\"SearchAction\",\"target\":{\"@type\":\"EntryPoint\",\"urlTemplate\":\"https:\/\/asma.ideotours.fr\/photoguibout\/?s={search_term_string}\"},\"query-input\":\"required name=search_term_string\"}],\"inLanguage\":\"fr-FR\"},{\"@type\":[\"Person\",\"Organization\"],\"@id\":\"https:\/\/asma.ideotours.fr\/photoguibout\/#\/schema\/person\/3a9d5f568466f7757e0abc8be3054d3c\",\"name\":\"IdeopointPOINTcom\",\"logo\":{\"@id\":\"https:\/\/asma.ideotours.fr\/photoguibout\/#\/schema\/person\/image\/\"},\"sameAs\":[\"https:\/\/asma.ideotours.fr\/photoguibout\"]}]}<\/script>\n<!-- \/ Yoast SEO plugin. -->","yoast_head_json":{"title":"Qui sommes-nous ? - Photo Guibout","robots":{"index":"noindex","follow":"follow","max-snippet":"max-snippet:-1","max-image-preview":"max-image-preview:large","max-video-preview":"max-video-preview:-1"},"og_locale":"fr_FR","og_type":"article","og_title":"Qui sommes-nous ? - Photo Guibout","og_description":"Install\u00e9 depuis 14 ans en Indre et Loire, Photo Guibout vous accueille dans sa boutique 10 rue du G\u00e9n\u00e9ral de Gaulle \u00e0 Bl\u00e9r\u00e9. Dans son magasin, Boris Guibout vous proposera de nombreux services li\u00e9s \u00e0 la photographie, ainsi qu\u2019au traitement de l\u2019image. Des services que vous pourrez \u00e9galement retrouver sur l\u2019espace \u00ab\u00a0vente en ligne\u00a0\u00bb\u00a0! Passionn\u00e9 [&hellip;]","og_url":"https:\/\/asma.ideotours.fr\/photoguibout\/qui-sommes-nous\/","og_site_name":"Photo Guibout","article_modified_time":"2023-02-28T17:58:36+00:00","og_image":[{"width":1920,"height":578,"url":"https:\/\/asma.ideotours.fr\/photoguibout\/wp-content\/uploads\/2023\/02\/banner-qui-sommes-nous.jpg","type":"image\/jpeg"}],"twitter_card":"summary_large_image","twitter_misc":{"Dur\u00e9e de lecture estim\u00e9e":"3 minutes"},"schema":{"@context":"https:\/\/schema.org","@graph":[{"@type":"WebPage","@id":"https:\/\/asma.ideotours.fr\/photoguibout\/qui-sommes-nous\/","url":"https:\/\/asma.ideotours.fr\/photoguibout\/qui-sommes-nous\/","name":"Qui sommes-nous ? - Photo Guibout","isPartOf":{"@id":"https:\/\/asma.ideotours.fr\/photoguibout\/#website"},"datePublished":"2023-02-27T21:39:18+00:00","dateModified":"2023-02-28T17:58:36+00:00","breadcrumb":{"@id":"https:\/\/asma.ideotours.fr\/photoguibout\/qui-sommes-nous\/#breadcrumb"},"inLanguage":"fr-FR","potentialAction":[{"@type":"ReadAction","target":["https:\/\/asma.ideotours.fr\/photoguibout\/qui-sommes-nous\/"]}]},{"@type":"BreadcrumbList","@id":"https:\/\/asma.ideotours.fr\/photoguibout\/qui-sommes-nous\/#breadcrumb","itemListElement":[{"@type":"ListItem","position":1,"name":"Accueil","item":"https:\/\/asma.ideotours.fr\/photoguibout\/"},{"@type":"ListItem","position":2,"name":"Qui sommes-nous ?"}]},{"@type":"WebSite","@id":"https:\/\/asma.ideotours.fr\/photoguibout\/#website","url":"https:\/\/asma.ideotours.fr\/photoguibout\/","name":"Photo Guibout","description":"","publisher":{"@id":"https:\/\/asma.ideotours.fr\/photoguibout\/#\/schema\/person\/3a9d5f568466f7757e0abc8be3054d3c"},"potentialAction":[{"@type":"SearchAction","target":{"@type":"EntryPoint","urlTemplate":"https:\/\/asma.ideotours.fr\/photoguibout\/?s={search_term_string}"},"query-input":"required name=search_term_string"}],"inLanguage":"fr-FR"},{"@type":["Person","Organization"],"@id":"https:\/\/asma.ideotours.fr\/photoguibout\/#\/schema\/person\/3a9d5f568466f7757e0abc8be3054d3c","name":"IdeopointPOINTcom","logo":{"@id":"https:\/\/asma.ideotours.fr\/photoguibout\/#\/schema\/person\/image\/"},"sameAs":["https:\/\/asma.ideotours.fr\/photoguibout"]}]}},"_links":{"self":[{"href":"https:\/\/asma.ideotours.fr\/photoguibout\/wp-json\/wp\/v2\/pages\/34"}],"collection":[{"href":"https:\/\/asma.ideotours.fr\/photoguibout\/wp-json\/wp\/v2\/pages"}],"about":[{"href":"https:\/\/asma.ideotours.fr\/photoguibout\/wp-json\/wp\/v2\/types\/page"}],"author":[{"embeddable":true,"href":"https:\/\/asma.ideotours.fr\/photoguibout\/wp-json\/wp\/v2\/users\/1"}],"replies":[{"embeddable":true,"href":"https:\/\/asma.ideotours.fr\/photoguibout\/wp-json\/wp\/v2\/comments?post=34"}],"version-history":[{"count":167,"href":"https:\/\/asma.ideotours.fr\/photoguibout\/wp-json\/wp\/v2\/pages\/34\/revisions"}],"predecessor-version":[{"id":262,"href":"https:\/\/asma.ideotours.fr\/photoguibout\/wp-json\/wp\/v2\/pages\/34\/revisions\/262"}],"wp:featuredmedia":[{"embeddable":true,"href":"https:\/\/asma.ideotours.fr\/photoguibout\/wp-json\/wp\/v2\/media\/93"}],"wp:attachment":[{"href":"https:\/\/asma.ideotours.fr\/photoguibout\/wp-json\/wp\/v2\/media?parent=34"}],"curies":[{"name":"wp","href":"https:\/\/api.w.org\/{rel}","templated":true}]}}