
{"id":73,"date":"2023-02-28T00:38:59","date_gmt":"2023-02-27T23:38:59","guid":{"rendered":"https:\/\/asma.ideotours.fr\/photoguibout\/?page_id=73"},"modified":"2023-03-16T16:22:54","modified_gmt":"2023-03-16T15:22:54","slug":"mariage","status":"publish","type":"page","link":"https:\/\/asma.ideotours.fr\/photoguibout\/mariage\/","title":{"rendered":"Mariage"},"content":{"rendered":"\t\t<div data-elementor-type=\"wp-page\" data-elementor-id=\"73\" class=\"elementor elementor-73\">\n\t\t\t\t\t\t\t\t\t<section class=\"elementor-section elementor-top-section elementor-element elementor-element-28cb3bd elementor-section-content-middle elementor-section-boxed elementor-section-height-default elementor-section-height-default\" data-id=\"28cb3bd\" data-element_type=\"section\">\n\t\t\t\t\t\t<div class=\"elementor-container elementor-column-gap-default\">\n\t\t\t\t\t<div class=\"elementor-column elementor-col-50 elementor-top-column elementor-element elementor-element-824aeaa\" data-id=\"824aeaa\" data-element_type=\"column\">\n\t\t\t<div class=\"elementor-widget-wrap elementor-element-populated\">\n\t\t\t\t\t\t\t\t<div class=\"elementor-element elementor-element-a445a4b elementor-widget elementor-widget-image\" data-id=\"a445a4b\" data-element_type=\"widget\" data-widget_type=\"image.default\">\n\t\t\t\t<div class=\"elementor-widget-container\">\n\t\t\t<style>\/*! elementor - v3.12.1 - 02-04-2023 *\/\n.elementor-widget-image{text-align:center}.elementor-widget-image a{display:inline-block}.elementor-widget-image a img[src$=\".svg\"]{width:48px}.elementor-widget-image img{vertical-align:middle;display:inline-block}<\/style>\t\t\t\t\t\t\t\t\t\t\t\t<img decoding=\"async\" width=\"684\" height=\"1024\" src=\"https:\/\/asma.ideotours.fr\/photoguibout\/wp-content\/uploads\/2023\/03\/DSC_6751-684x1024.jpg\" class=\"attachment-large size-large wp-image-681\" alt=\"\" srcset=\"https:\/\/asma.ideotours.fr\/photoguibout\/wp-content\/uploads\/2023\/03\/DSC_6751-684x1024.jpg 684w, https:\/\/asma.ideotours.fr\/photoguibout\/wp-content\/uploads\/2023\/03\/DSC_6751-200x300.jpg 200w, https:\/\/asma.ideotours.fr\/photoguibout\/wp-content\/uploads\/2023\/03\/DSC_6751-768x1150.jpg 768w, https:\/\/asma.ideotours.fr\/photoguibout\/wp-content\/uploads\/2023\/03\/DSC_6751-1026x1536.jpg 1026w, https:\/\/asma.ideotours.fr\/photoguibout\/wp-content\/uploads\/2023\/03\/DSC_6751-500x749.jpg 500w, https:\/\/asma.ideotours.fr\/photoguibout\/wp-content\/uploads\/2023\/03\/DSC_6751-800x1198.jpg 800w, https:\/\/asma.ideotours.fr\/photoguibout\/wp-content\/uploads\/2023\/03\/DSC_6751-1280x1917.jpg 1280w, https:\/\/asma.ideotours.fr\/photoguibout\/wp-content\/uploads\/2023\/03\/DSC_6751.jpg 1282w\" sizes=\"(max-width: 684px) 100vw, 684px\" \/>\t\t\t\t\t\t\t\t\t\t\t\t\t\t\t<\/div>\n\t\t\t\t<\/div>\n\t\t\t\t\t<\/div>\n\t\t<\/div>\n\t\t\t\t<div class=\"elementor-column elementor-col-50 elementor-top-column elementor-element elementor-element-c424f8b\" data-id=\"c424f8b\" data-element_type=\"column\">\n\t\t\t<div class=\"elementor-widget-wrap elementor-element-populated\">\n\t\t\t\t\t\t\t\t<div class=\"elementor-element elementor-element-d144fad elementor-widget elementor-widget-heading\" data-id=\"d144fad\" data-element_type=\"widget\" data-widget_type=\"heading.default\">\n\t\t\t\t<div class=\"elementor-widget-container\">\n\t\t\t<style>\/*! elementor - v3.12.1 - 02-04-2023 *\/\n.elementor-heading-title{padding:0;margin:0;line-height:1}.elementor-widget-heading .elementor-heading-title[class*=elementor-size-]>a{color:inherit;font-size:inherit;line-height:inherit}.elementor-widget-heading .elementor-heading-title.elementor-size-small{font-size:15px}.elementor-widget-heading .elementor-heading-title.elementor-size-medium{font-size:19px}.elementor-widget-heading .elementor-heading-title.elementor-size-large{font-size:29px}.elementor-widget-heading .elementor-heading-title.elementor-size-xl{font-size:39px}.elementor-widget-heading .elementor-heading-title.elementor-size-xxl{font-size:59px}<\/style><h3 class=\"elementor-heading-title elementor-size-default\">Journ\u00e9e unique qui restera \u00e0 jamais grav\u00e9e dans vos m\u00e9moires. \u00catre le t\u00e9moin privil\u00e9gi\u00e9 de cet instant bien particulier est, \u00e0 chaque fois, un honneur. \n<\/h3>\t\t<\/div>\n\t\t\t\t<\/div>\n\t\t\t\t<div class=\"elementor-element elementor-element-ed02cae elementor-widget elementor-widget-spacer\" data-id=\"ed02cae\" data-element_type=\"widget\" data-widget_type=\"spacer.default\">\n\t\t\t\t<div class=\"elementor-widget-container\">\n\t\t\t<style>\/*! elementor - v3.12.1 - 02-04-2023 *\/\n.elementor-column .elementor-spacer-inner{height:var(--spacer-size)}.e-con{--container-widget-width:100%}.e-con-inner>.elementor-widget-spacer,.e-con>.elementor-widget-spacer{width:var(--container-widget-width,var(--spacer-size));--align-self:var(--container-widget-align-self,initial);--flex-shrink:0}.e-con-inner>.elementor-widget-spacer>.elementor-widget-container,.e-con-inner>.elementor-widget-spacer>.elementor-widget-container>.elementor-spacer,.e-con>.elementor-widget-spacer>.elementor-widget-container,.e-con>.elementor-widget-spacer>.elementor-widget-container>.elementor-spacer{height:100%}.e-con-inner>.elementor-widget-spacer>.elementor-widget-container>.elementor-spacer>.elementor-spacer-inner,.e-con>.elementor-widget-spacer>.elementor-widget-container>.elementor-spacer>.elementor-spacer-inner{height:var(--container-widget-height,var(--spacer-size))}<\/style>\t\t<div class=\"elementor-spacer\">\n\t\t\t<div class=\"elementor-spacer-inner\"><\/div>\n\t\t<\/div>\n\t\t\t\t<\/div>\n\t\t\t\t<\/div>\n\t\t\t\t<div class=\"elementor-element elementor-element-e1991a7 elementor-widget elementor-widget-text-editor\" data-id=\"e1991a7\" data-element_type=\"widget\" data-widget_type=\"text-editor.default\">\n\t\t\t\t<div class=\"elementor-widget-container\">\n\t\t\t<style>\/*! elementor - v3.12.1 - 02-04-2023 *\/\n.elementor-widget-text-editor.elementor-drop-cap-view-stacked .elementor-drop-cap{background-color:#69727d;color:#fff}.elementor-widget-text-editor.elementor-drop-cap-view-framed .elementor-drop-cap{color:#69727d;border:3px solid;background-color:transparent}.elementor-widget-text-editor:not(.elementor-drop-cap-view-default) .elementor-drop-cap{margin-top:8px}.elementor-widget-text-editor:not(.elementor-drop-cap-view-default) .elementor-drop-cap-letter{width:1em;height:1em}.elementor-widget-text-editor .elementor-drop-cap{float:left;text-align:center;line-height:1;font-size:50px}.elementor-widget-text-editor .elementor-drop-cap-letter{display:inline-block}<\/style>\t\t\t\t<p><strong>Photo Guibout se met \u00e0 votre service<\/strong> pour <strong>capturer ce moment unique<\/strong> de la plus belle des fa\u00e7ons\u00a0: en racontant une histoire, votre histoire. Tout au long de la journ\u00e9e, avec comme objectif celui de <strong>c\u00e9l\u00e9brer votre amour<\/strong>, votre couple. <\/p>\n<p>Chez Photo Guibout il est important de capturer vos moments, cet instant, <strong>pour pouvoir vous faire revivre chaque instant tel que vous les aurez v\u00e9cus<\/strong>. Des pr\u00e9paratifs, \u00e0 la c\u00e9r\u00e9monie, en passant par le vin d\u2019honneur, jusqu\u2019\u00e0 la fin de la soir\u00e9e, Photo Guibout sera \u00e0 vos c\u00f4t\u00e9s pour <strong>retranscrire en images vos plus belles \u00e9motions<\/strong>.<\/p>\n<p>Parce qu\u2019<strong>une photo<\/strong>, une image, <strong>transmet des messages importants<\/strong>, de fortes \u00e9motions. Elle contient <strong>des fragments du temps<\/strong> qui pourront ensuite <strong>traverser les ann\u00e9es avec vous<\/strong>, pr\u00e8s de vous. Et l\u2019objectif de Photo Guibout est que vous preniez le m\u00eame plaisir \u00e0 regarder ces images, encore et encore, au fil du temps, <strong>en prolongeant ainsi la magie de votre mariage<\/strong>.<\/p>\n\t\t\t\t\t\t<\/div>\n\t\t\t\t<\/div>\n\t\t\t\t\t<\/div>\n\t\t<\/div>\n\t\t\t\t\t\t\t<\/div>\n\t\t<\/section>\n\t\t\t\t<section class=\"elementor-section elementor-top-section elementor-element elementor-element-86b67b7 elementor-section-boxed elementor-section-height-default elementor-section-height-default\" data-id=\"86b67b7\" data-element_type=\"section\">\n\t\t\t\t\t\t<div class=\"elementor-container elementor-column-gap-default\">\n\t\t\t\t\t<div class=\"elementor-column elementor-col-100 elementor-top-column elementor-element elementor-element-f4a5f95\" data-id=\"f4a5f95\" data-element_type=\"column\">\n\t\t\t<div class=\"elementor-widget-wrap elementor-element-populated\">\n\t\t\t\t\t\t\t\t<div class=\"elementor-element elementor-element-c001d50 elementor-widget elementor-widget-spacer\" data-id=\"c001d50\" data-element_type=\"widget\" data-widget_type=\"spacer.default\">\n\t\t\t\t<div class=\"elementor-widget-container\">\n\t\t\t\t\t<div class=\"elementor-spacer\">\n\t\t\t<div class=\"elementor-spacer-inner\"><\/div>\n\t\t<\/div>\n\t\t\t\t<\/div>\n\t\t\t\t<\/div>\n\t\t\t\t<div class=\"elementor-element elementor-element-d0555dc elementor-widget elementor-widget-heading\" data-id=\"d0555dc\" data-element_type=\"widget\" data-widget_type=\"heading.default\">\n\t\t\t\t<div class=\"elementor-widget-container\">\n\t\t\t<h2 class=\"elementor-heading-title elementor-size-default\">Le grand jour approche et vous \u00eates toujours \u00e0 la recherche du photographe pour votre mariage ?\n<\/h2>\t\t<\/div>\n\t\t\t\t<\/div>\n\t\t\t\t<div class=\"elementor-element elementor-element-7142d51 elementor-widget elementor-widget-spacer\" data-id=\"7142d51\" data-element_type=\"widget\" data-widget_type=\"spacer.default\">\n\t\t\t\t<div class=\"elementor-widget-container\">\n\t\t\t\t\t<div class=\"elementor-spacer\">\n\t\t\t<div class=\"elementor-spacer-inner\"><\/div>\n\t\t<\/div>\n\t\t\t\t<\/div>\n\t\t\t\t<\/div>\n\t\t\t\t\t<\/div>\n\t\t<\/div>\n\t\t\t\t\t\t\t<\/div>\n\t\t<\/section>\n\t\t\t\t<section class=\"elementor-section elementor-top-section elementor-element elementor-element-398858e elementor-section-boxed elementor-section-height-default elementor-section-height-default\" data-id=\"398858e\" data-element_type=\"section\">\n\t\t\t\t\t\t<div class=\"elementor-container elementor-column-gap-default\">\n\t\t\t\t\t<div class=\"elementor-column elementor-col-100 elementor-top-column elementor-element elementor-element-02b9b4d\" data-id=\"02b9b4d\" data-element_type=\"column\">\n\t\t\t<div class=\"elementor-widget-wrap elementor-element-populated\">\n\t\t\t\t\t\t\t\t<div class=\"elementor-element elementor-element-879e2ec elementor-widget elementor-widget-image\" data-id=\"879e2ec\" data-element_type=\"widget\" data-widget_type=\"image.default\">\n\t\t\t\t<div class=\"elementor-widget-container\">\n\t\t\t\t\t\t\t\t\t\t\t\t\t\t\t<img decoding=\"async\" width=\"1024\" height=\"384\" src=\"https:\/\/asma.ideotours.fr\/photoguibout\/wp-content\/uploads\/2023\/03\/mont2-1024x384.jpg\" class=\"attachment-large size-large wp-image-686\" alt=\"\" srcset=\"https:\/\/asma.ideotours.fr\/photoguibout\/wp-content\/uploads\/2023\/03\/mont2-1024x384.jpg 1024w, https:\/\/asma.ideotours.fr\/photoguibout\/wp-content\/uploads\/2023\/03\/mont2-300x113.jpg 300w, https:\/\/asma.ideotours.fr\/photoguibout\/wp-content\/uploads\/2023\/03\/mont2-768x288.jpg 768w, https:\/\/asma.ideotours.fr\/photoguibout\/wp-content\/uploads\/2023\/03\/mont2-1536x576.jpg 1536w, https:\/\/asma.ideotours.fr\/photoguibout\/wp-content\/uploads\/2023\/03\/mont2-500x188.jpg 500w, https:\/\/asma.ideotours.fr\/photoguibout\/wp-content\/uploads\/2023\/03\/mont2-800x300.jpg 800w, https:\/\/asma.ideotours.fr\/photoguibout\/wp-content\/uploads\/2023\/03\/mont2-1280x480.jpg 1280w, https:\/\/asma.ideotours.fr\/photoguibout\/wp-content\/uploads\/2023\/03\/mont2.jpg 1920w\" sizes=\"(max-width: 1024px) 100vw, 1024px\" \/>\t\t\t\t\t\t\t\t\t\t\t\t\t\t\t<\/div>\n\t\t\t\t<\/div>\n\t\t\t\t\t<\/div>\n\t\t<\/div>\n\t\t\t\t\t\t\t<\/div>\n\t\t<\/section>\n\t\t\t\t<section class=\"elementor-section elementor-top-section elementor-element elementor-element-5a7a9b1 elementor-section-boxed elementor-section-height-default elementor-section-height-default\" data-id=\"5a7a9b1\" data-element_type=\"section\">\n\t\t\t\t\t\t<div class=\"elementor-container elementor-column-gap-default\">\n\t\t\t\t\t<div class=\"elementor-column elementor-col-100 elementor-top-column elementor-element elementor-element-8613c6a\" data-id=\"8613c6a\" data-element_type=\"column\">\n\t\t\t<div class=\"elementor-widget-wrap elementor-element-populated\">\n\t\t\t\t\t\t\t\t<div class=\"elementor-element elementor-element-8604190 elementor-pagination-position-outside elementor-widget elementor-widget-image-carousel\" data-id=\"8604190\" data-element_type=\"widget\" data-settings=\"{&quot;navigation&quot;:&quot;dots&quot;,&quot;autoplay&quot;:&quot;yes&quot;,&quot;pause_on_hover&quot;:&quot;yes&quot;,&quot;pause_on_interaction&quot;:&quot;yes&quot;,&quot;autoplay_speed&quot;:5000,&quot;infinite&quot;:&quot;yes&quot;,&quot;speed&quot;:500}\" data-widget_type=\"image-carousel.default\">\n\t\t\t\t<div class=\"elementor-widget-container\">\n\t\t\t<style>\/*! elementor - v3.12.1 - 02-04-2023 *\/\n.elementor-widget-image-carousel .swiper,.elementor-widget-image-carousel .swiper-container{position:static}.elementor-widget-image-carousel .swiper-container .swiper-slide figure,.elementor-widget-image-carousel .swiper .swiper-slide figure{line-height:inherit}.elementor-widget-image-carousel .swiper-slide{text-align:center}.elementor-image-carousel-wrapper:not(.swiper-container-initialized) .swiper-slide,.elementor-image-carousel-wrapper:not(.swiper-initialized) .swiper-slide{max-width:calc(100% \/ var(--e-image-carousel-slides-to-show, 3))}<\/style>\t\t<div class=\"elementor-image-carousel-wrapper swiper-container\" dir=\"ltr\">\n\t\t\t<div class=\"elementor-image-carousel swiper-wrapper\">\n\t\t\t\t\t\t\t\t<div class=\"swiper-slide\"><figure class=\"swiper-slide-inner\"><img decoding=\"async\" class=\"swiper-slide-image\" src=\"https:\/\/asma.ideotours.fr\/photoguibout\/wp-content\/uploads\/2023\/03\/DSC_6728-200x300.jpg\" alt=\"DSC_6728\" \/><\/figure><\/div><div class=\"swiper-slide\"><figure class=\"swiper-slide-inner\"><img decoding=\"async\" class=\"swiper-slide-image\" src=\"https:\/\/asma.ideotours.fr\/photoguibout\/wp-content\/uploads\/2023\/03\/DSC_4176-200x300.jpg\" alt=\"DSC_4176\" \/><\/figure><\/div><div class=\"swiper-slide\"><figure class=\"swiper-slide-inner\"><img decoding=\"async\" class=\"swiper-slide-image\" src=\"https:\/\/asma.ideotours.fr\/photoguibout\/wp-content\/uploads\/2023\/03\/DSC_4171-200x300.jpg\" alt=\"DSC_4171\" \/><\/figure><\/div><div class=\"swiper-slide\"><figure class=\"swiper-slide-inner\"><img decoding=\"async\" class=\"swiper-slide-image\" src=\"https:\/\/asma.ideotours.fr\/photoguibout\/wp-content\/uploads\/2023\/03\/DSC_4080-300x200.jpg\" alt=\"DSC_4080\" \/><\/figure><\/div><div class=\"swiper-slide\"><figure class=\"swiper-slide-inner\"><img decoding=\"async\" class=\"swiper-slide-image\" src=\"https:\/\/asma.ideotours.fr\/photoguibout\/wp-content\/uploads\/2023\/03\/DSC_6736-200x300.jpg\" alt=\"DSC_6736\" \/><\/figure><\/div><div class=\"swiper-slide\"><figure class=\"swiper-slide-inner\"><img decoding=\"async\" class=\"swiper-slide-image\" src=\"https:\/\/asma.ideotours.fr\/photoguibout\/wp-content\/uploads\/2023\/03\/DSC_6748-200x300.jpg\" alt=\"DSC_6748\" \/><\/figure><\/div><div class=\"swiper-slide\"><figure class=\"swiper-slide-inner\"><img decoding=\"async\" class=\"swiper-slide-image\" src=\"https:\/\/asma.ideotours.fr\/photoguibout\/wp-content\/uploads\/2023\/03\/DSC_6751-1-200x300.jpg\" alt=\"DSC_6751\" \/><\/figure><\/div>\t\t\t<\/div>\n\t\t\t\t\t\t\t\t\t\t\t\t<div class=\"swiper-pagination\"><\/div>\n\t\t\t\t\t\t\t\t\t\t\t\t\t<\/div>\n\t\t\t\t<\/div>\n\t\t\t\t<\/div>\n\t\t\t\t\t<\/div>\n\t\t<\/div>\n\t\t\t\t\t\t\t<\/div>\n\t\t<\/section>\n\t\t\t\t\t\t\t<\/div>\n\t\t","protected":false},"excerpt":{"rendered":"<p>Journ\u00e9e unique qui restera \u00e0 jamais grav\u00e9e dans vos m\u00e9moires. \u00catre le t\u00e9moin privil\u00e9gi\u00e9 de cet instant bien particulier est, \u00e0 chaque fois, un honneur. Photo Guibout se met \u00e0 votre service pour capturer ce moment unique de la plus belle des fa\u00e7ons\u00a0: en racontant une histoire, votre histoire. Tout au long de la journ\u00e9e, [&hellip;]<\/p>\n","protected":false},"author":1,"featured_media":91,"parent":0,"menu_order":0,"comment_status":"closed","ping_status":"closed","template":"","meta":{"footnotes":"","_vp_format_video_url":"","_vp_image_focal_point":[]},"yoast_head":"<!-- This site is optimized with the Yoast SEO plugin v20.5 - https:\/\/yoast.com\/wordpress\/plugins\/seo\/ -->\n<title>Mariage - Photo Guibout<\/title>\n<meta name=\"robots\" content=\"noindex, follow, max-snippet:-1, max-image-preview:large, max-video-preview:-1\" \/>\n<meta property=\"og:locale\" content=\"fr_FR\" \/>\n<meta property=\"og:type\" content=\"article\" \/>\n<meta property=\"og:title\" content=\"Mariage - Photo Guibout\" \/>\n<meta property=\"og:description\" content=\"Journ\u00e9e unique qui restera \u00e0 jamais grav\u00e9e dans vos m\u00e9moires. \u00catre le t\u00e9moin privil\u00e9gi\u00e9 de cet instant bien particulier est, \u00e0 chaque fois, un honneur. Photo Guibout se met \u00e0 votre service pour capturer ce moment unique de la plus belle des fa\u00e7ons\u00a0: en racontant une histoire, votre histoire. Tout au long de la journ\u00e9e, [&hellip;]\" \/>\n<meta property=\"og:url\" content=\"https:\/\/asma.ideotours.fr\/photoguibout\/mariage\/\" \/>\n<meta property=\"og:site_name\" content=\"Photo Guibout\" \/>\n<meta property=\"article:modified_time\" content=\"2023-03-16T15:22:54+00:00\" \/>\n<meta property=\"og:image\" content=\"https:\/\/asma.ideotours.fr\/photoguibout\/wp-content\/uploads\/2023\/02\/banner-about.jpg\" \/>\n\t<meta property=\"og:image:width\" content=\"1920\" \/>\n\t<meta property=\"og:image:height\" content=\"578\" \/>\n\t<meta property=\"og:image:type\" content=\"image\/jpeg\" \/>\n<meta name=\"twitter:card\" content=\"summary_large_image\" \/>\n<meta name=\"twitter:label1\" content=\"Dur\u00e9e de lecture estim\u00e9e\" \/>\n\t<meta name=\"twitter:data1\" content=\"5 minutes\" \/>\n<script type=\"application\/ld+json\" class=\"yoast-schema-graph\">{\"@context\":\"https:\/\/schema.org\",\"@graph\":[{\"@type\":\"WebPage\",\"@id\":\"https:\/\/asma.ideotours.fr\/photoguibout\/mariage\/\",\"url\":\"https:\/\/asma.ideotours.fr\/photoguibout\/mariage\/\",\"name\":\"Mariage - Photo Guibout\",\"isPartOf\":{\"@id\":\"https:\/\/asma.ideotours.fr\/photoguibout\/#website\"},\"datePublished\":\"2023-02-27T23:38:59+00:00\",\"dateModified\":\"2023-03-16T15:22:54+00:00\",\"breadcrumb\":{\"@id\":\"https:\/\/asma.ideotours.fr\/photoguibout\/mariage\/#breadcrumb\"},\"inLanguage\":\"fr-FR\",\"potentialAction\":[{\"@type\":\"ReadAction\",\"target\":[\"https:\/\/asma.ideotours.fr\/photoguibout\/mariage\/\"]}]},{\"@type\":\"BreadcrumbList\",\"@id\":\"https:\/\/asma.ideotours.fr\/photoguibout\/mariage\/#breadcrumb\",\"itemListElement\":[{\"@type\":\"ListItem\",\"position\":1,\"name\":\"Accueil\",\"item\":\"https:\/\/asma.ideotours.fr\/photoguibout\/\"},{\"@type\":\"ListItem\",\"position\":2,\"name\":\"Mariage\"}]},{\"@type\":\"WebSite\",\"@id\":\"https:\/\/asma.ideotours.fr\/photoguibout\/#website\",\"url\":\"https:\/\/asma.ideotours.fr\/photoguibout\/\",\"name\":\"Photo Guibout\",\"description\":\"\",\"publisher\":{\"@id\":\"https:\/\/asma.ideotours.fr\/photoguibout\/#\/schema\/person\/3a9d5f568466f7757e0abc8be3054d3c\"},\"potentialAction\":[{\"@type\":\"SearchAction\",\"target\":{\"@type\":\"EntryPoint\",\"urlTemplate\":\"https:\/\/asma.ideotours.fr\/photoguibout\/?s={search_term_string}\"},\"query-input\":\"required name=search_term_string\"}],\"inLanguage\":\"fr-FR\"},{\"@type\":[\"Person\",\"Organization\"],\"@id\":\"https:\/\/asma.ideotours.fr\/photoguibout\/#\/schema\/person\/3a9d5f568466f7757e0abc8be3054d3c\",\"name\":\"IdeopointPOINTcom\",\"logo\":{\"@id\":\"https:\/\/asma.ideotours.fr\/photoguibout\/#\/schema\/person\/image\/\"},\"sameAs\":[\"https:\/\/asma.ideotours.fr\/photoguibout\"]}]}<\/script>\n<!-- \/ Yoast SEO plugin. -->","yoast_head_json":{"title":"Mariage - Photo Guibout","robots":{"index":"noindex","follow":"follow","max-snippet":"max-snippet:-1","max-image-preview":"max-image-preview:large","max-video-preview":"max-video-preview:-1"},"og_locale":"fr_FR","og_type":"article","og_title":"Mariage - Photo Guibout","og_description":"Journ\u00e9e unique qui restera \u00e0 jamais grav\u00e9e dans vos m\u00e9moires. \u00catre le t\u00e9moin privil\u00e9gi\u00e9 de cet instant bien particulier est, \u00e0 chaque fois, un honneur. Photo Guibout se met \u00e0 votre service pour capturer ce moment unique de la plus belle des fa\u00e7ons\u00a0: en racontant une histoire, votre histoire. Tout au long de la journ\u00e9e, [&hellip;]","og_url":"https:\/\/asma.ideotours.fr\/photoguibout\/mariage\/","og_site_name":"Photo Guibout","article_modified_time":"2023-03-16T15:22:54+00:00","og_image":[{"width":1920,"height":578,"url":"https:\/\/asma.ideotours.fr\/photoguibout\/wp-content\/uploads\/2023\/02\/banner-about.jpg","type":"image\/jpeg"}],"twitter_card":"summary_large_image","twitter_misc":{"Dur\u00e9e de lecture estim\u00e9e":"5 minutes"},"schema":{"@context":"https:\/\/schema.org","@graph":[{"@type":"WebPage","@id":"https:\/\/asma.ideotours.fr\/photoguibout\/mariage\/","url":"https:\/\/asma.ideotours.fr\/photoguibout\/mariage\/","name":"Mariage - Photo Guibout","isPartOf":{"@id":"https:\/\/asma.ideotours.fr\/photoguibout\/#website"},"datePublished":"2023-02-27T23:38:59+00:00","dateModified":"2023-03-16T15:22:54+00:00","breadcrumb":{"@id":"https:\/\/asma.ideotours.fr\/photoguibout\/mariage\/#breadcrumb"},"inLanguage":"fr-FR","potentialAction":[{"@type":"ReadAction","target":["https:\/\/asma.ideotours.fr\/photoguibout\/mariage\/"]}]},{"@type":"BreadcrumbList","@id":"https:\/\/asma.ideotours.fr\/photoguibout\/mariage\/#breadcrumb","itemListElement":[{"@type":"ListItem","position":1,"name":"Accueil","item":"https:\/\/asma.ideotours.fr\/photoguibout\/"},{"@type":"ListItem","position":2,"name":"Mariage"}]},{"@type":"WebSite","@id":"https:\/\/asma.ideotours.fr\/photoguibout\/#website","url":"https:\/\/asma.ideotours.fr\/photoguibout\/","name":"Photo Guibout","description":"","publisher":{"@id":"https:\/\/asma.ideotours.fr\/photoguibout\/#\/schema\/person\/3a9d5f568466f7757e0abc8be3054d3c"},"potentialAction":[{"@type":"SearchAction","target":{"@type":"EntryPoint","urlTemplate":"https:\/\/asma.ideotours.fr\/photoguibout\/?s={search_term_string}"},"query-input":"required name=search_term_string"}],"inLanguage":"fr-FR"},{"@type":["Person","Organization"],"@id":"https:\/\/asma.ideotours.fr\/photoguibout\/#\/schema\/person\/3a9d5f568466f7757e0abc8be3054d3c","name":"IdeopointPOINTcom","logo":{"@id":"https:\/\/asma.ideotours.fr\/photoguibout\/#\/schema\/person\/image\/"},"sameAs":["https:\/\/asma.ideotours.fr\/photoguibout"]}]}},"_links":{"self":[{"href":"https:\/\/asma.ideotours.fr\/photoguibout\/wp-json\/wp\/v2\/pages\/73"}],"collection":[{"href":"https:\/\/asma.ideotours.fr\/photoguibout\/wp-json\/wp\/v2\/pages"}],"about":[{"href":"https:\/\/asma.ideotours.fr\/photoguibout\/wp-json\/wp\/v2\/types\/page"}],"author":[{"embeddable":true,"href":"https:\/\/asma.ideotours.fr\/photoguibout\/wp-json\/wp\/v2\/users\/1"}],"replies":[{"embeddable":true,"href":"https:\/\/asma.ideotours.fr\/photoguibout\/wp-json\/wp\/v2\/comments?post=73"}],"version-history":[{"count":67,"href":"https:\/\/asma.ideotours.fr\/photoguibout\/wp-json\/wp\/v2\/pages\/73\/revisions"}],"predecessor-version":[{"id":693,"href":"https:\/\/asma.ideotours.fr\/photoguibout\/wp-json\/wp\/v2\/pages\/73\/revisions\/693"}],"wp:featuredmedia":[{"embeddable":true,"href":"https:\/\/asma.ideotours.fr\/photoguibout\/wp-json\/wp\/v2\/media\/91"}],"wp:attachment":[{"href":"https:\/\/asma.ideotours.fr\/photoguibout\/wp-json\/wp\/v2\/media?parent=73"}],"curies":[{"name":"wp","href":"https:\/\/api.w.org\/{rel}","templated":true}]}}