
{"id":1052,"date":"2023-06-28T17:21:31","date_gmt":"2023-06-28T15:21:31","guid":{"rendered":"https:\/\/asma.ideotours.fr\/photoguibout\/?post_type=product&#038;p=1052"},"modified":"2023-06-28T17:28:46","modified_gmt":"2023-06-28T15:28:46","slug":"camera-sport-insta360-go2-blanc","status":"publish","type":"product","link":"https:\/\/asma.ideotours.fr\/photoguibout\/produit\/camera-sport-insta360-go2-blanc\/","title":{"rendered":"Cam\u00e9ra sport Insta360 GO2 Blanc"},"content":{"rendered":"<section id=\"Characteristics\" class=\"f-productLayerGrid__section js-productSection fa-strate-properties\" data-automation-id=\"characteristics-layer-block\">\n<div class=\"f-productLayerGrid__col\">\n<div class=\"f-productLayer\">\n<header class=\"f-productLayer__header\">\n<div class=\"f-productLayer__container\">\n<div>\n<h2 class=\"product_bloc_aside_title font-2\"><\/h2>\n<\/div>\n<div class=\"product_bloc_content bloc ombre \">\n<table class=\"font-2\">\n<caption class=\"caption_hidden\"><strong>Caract\u00e9ristiques<\/strong><\/caption>\n<tbody>\n<tr class=\"odd\">\n<th scope=\"row\">Poids<\/th>\n<td class=\"font-2-b\">\n<ul class=\"characteristics\">\n<li class=\"\">0,027 kg<\/li>\n<\/ul>\n<\/td>\n<\/tr>\n<tr class=\"\">\n<th scope=\"row\">Dimensions<\/th>\n<td class=\"font-2-b\">\n<ul class=\"characteristics\">\n<li class=\"\">52.9mm x 23.6mm x 20.7mm<\/li>\n<\/ul>\n<\/td>\n<\/tr>\n<tr class=\"odd\">\n<th scope=\"row\">R\u00e9solution d'\u00e9cran<\/th>\n<td class=\"font-2-b\">\n<ul class=\"characteristics\">\n<li class=\"\"><\/li>\n<\/ul>\n<\/td>\n<\/tr>\n<tr class=\"\">\n<th scope=\"row\">R\u00e9solution vid\u00e9o<\/th>\n<td class=\"font-2-b\">\n<ul class=\"characteristics\">\n<li class=\"\">2560 x 1440 \u00e0 50 ips, 30 ips, 25 ips (HDR), 24 ips (HDR)<\/li>\n<\/ul>\n<\/td>\n<\/tr>\n<tr class=\"odd\">\n<th scope=\"row\">Communications sans fil<\/th>\n<td class=\"font-2-b\">\n<ul class=\"characteristics\">\n<li class=\"\">Wi-Fi<\/li>\n<\/ul>\n<\/td>\n<\/tr>\n<tr class=\"\">\n<th scope=\"row\">Type de cam\u00e9ra<\/th>\n<td class=\"font-2-b\">\n<ul class=\"characteristics\">\n<li class=\"\">Cam sport \/ action cam<\/li>\n<\/ul>\n<\/td>\n<\/tr>\n<tr class=\"odd\">\n<th scope=\"row\">Fonctionnalit\u00e9 de la cam\u00e9ra<\/th>\n<td class=\"font-2-b\">\n<ul class=\"characteristics\">\n<li class=\"\">Streaming en direct<\/li>\n<li class=\"\">Stabilisateur d'image Flow State<\/li>\n<\/ul>\n<\/td>\n<\/tr>\n<tr class=\"\">\n<th scope=\"row\">Caract\u00e9ristiques compl\u00e9mentaires<\/th>\n<td class=\"font-2-b\">\n<ul class=\"characteristics\">\n<li class=\"\">Ecran OLED\n<div>Capteur 1\/2.3\u201d<\/div>\n<div>Capture POV (mains libres)<\/div>\n<div>App Insta360<\/div>\n<div>Ralentis 120 FPS<\/div>\n<div>Stockage : 32 Go<\/div>\n<\/li>\n<\/ul>\n<\/td>\n<\/tr>\n<tr class=\"odd\">\n<th scope=\"row\">Pack FNAC-DARTY<\/th>\n<td class=\"font-2-b\">\n<ul class=\"characteristics\">\n<li class=\"\">Non<\/li>\n<\/ul>\n<\/td>\n<\/tr>\n<tr class=\"\">\n<th scope=\"row\">Couleur<\/th>\n<td class=\"font-2-b\">\n<ul class=\"characteristics\">\n<li class=\"\">Blanc<\/li>\n<\/ul>\n<\/td>\n<\/tr>\n<tr class=\"odd\">\n<th scope=\"row\">Disponibilit\u00e9 des pi\u00e8ces d\u00e9tach\u00e9es<\/th>\n<td class=\"font-2-b\">\n<ul class=\"characteristics\">\n<li class=\"\">Pi\u00e8ces non disponibles<\/li>\n<\/ul>\n<\/td>\n<\/tr>\n<tr class=\"\">\n<th scope=\"row\">Accessoires fournis<\/th>\n<td class=\"font-2-b\">\n<ul class=\"characteristics\">\n<li class=\"\">Bo\u00eetier de charge: chargez et contr\u00f4lez en d\u00e9placement<\/li>\n<\/ul>\n<\/td>\n<\/tr>\n<tr class=\"odd\">\n<th scope=\"row\">Autonomie maximale<\/th>\n<td class=\"font-2-b\">\n<ul class=\"characteristics\">\n<li class=\"\">30 minutes (150 minutes avec le boitier de charge) - Batterie 210mAh \/ Bo\u00eetier: 1100mAh<\/li>\n<\/ul>\n<\/td>\n<\/tr>\n<tr class=\"\">\n<th scope=\"row\">MegaPixels (R\u00e9solution du capteur)<\/th>\n<td class=\"font-2-b\">\n<ul class=\"characteristics\">\n<li class=\"\">9 m\u00e9gapixels<\/li>\n<\/ul>\n<\/td>\n<\/tr>\n<tr class=\"odd\">\n<th scope=\"row\">D\u00e9finition<\/th>\n<td class=\"font-2-b\">\n<ul class=\"characteristics\">\n<li class=\"\">Non concern\u00e9<\/li>\n<\/ul>\n<\/td>\n<\/tr>\n<tr class=\"\">\n<th scope=\"row\">Code<\/th>\n<td class=\"font-2-b\">\n<ul class=\"characteristics\">\n<li class=\"\">4949420<\/li>\n<\/ul>\n<\/td>\n<\/tr>\n<\/tbody>\n<\/table>\n<\/div>\n<\/div>\n<\/header>\n<div id=\"8096e508-6c0e-4b02-925b-bfedc0a76bfa\" class=\"f-productLayer__body f-productProperties\">\n<div class=\"f-productLayer__container f-productProperties__container\" data-automation-id=\"simple-characteristics-content-block\">\n<div class=\"js-Expander expander expander--hasIcon collapsed\" data-automation-button=\"expand-characteristics-content-button\" data-automation-content=\"expand-characteristics-content\">\n<div class=\"expander__content\" data-automation-id=\"expand-characteristics-content\" aria-expanded=\"true\">\n<div class=\"f-productProperties__columns\">\n<div class=\"f-productProperties__col\">\n<dl class=\"f-productProperties__item\">\n<dd class=\"f-productProperties__definition\">&nbsp;<\/dd>\n<\/dl>\n<\/div>\n<\/div>\n<\/div>\n<div class=\"expander__mask\" data-automation-id=\"expand-characteristics-content-button\"><\/div>\n<\/div>\n<\/div>\n<\/div>\n<\/div>\n<\/div>\n<\/section>\n<section id=\"CustomersAlsoBought\" class=\"f-productLayerGrid__section js-productSection js-lazy-products-section\" data-component-id=\"Suggestion\" data-automation-id=\"customer-also-bought-layer-block\" data-loaded=\"true\">\n<div class=\"f-productLayer js-lazy-products\" data-src=\"\/Nav\/API\/Article\/GetStrate?prid=15769287&amp;catalogRef=1&amp;strateType=CustomersAlsoBought\">\n<header class=\"f-productLayer__header\">\n<div class=\"f-productLayer__container\"><\/div>\n<\/header>\n<\/div>\n<\/section>\n","protected":false},"excerpt":{"rendered":"<p>La cam\u00e9ra sport Insta360 GO2 Blanc est un petit bijou de technologie qui vous permet de capturer des moments d&#8217;aventure de mani\u00e8re facile et immersive. Avec sa taille compacte et son poids l\u00e9ger, vous pouvez la fixer n&#8217;importe o\u00f9 pour capturer des vid\u00e9os et des photos incroyables.<\/p>\n<p>Dot\u00e9e d&#8217;une r\u00e9solution vid\u00e9o 1440p, la cam\u00e9ra offre des images nettes et d\u00e9taill\u00e9es. Elle dispose \u00e9galement de la stabilisation d&#8217;image FlowState, qui garantit des vid\u00e9os fluides et sans secousses, m\u00eame lors de mouvements rapides ou de conditions extr\u00eames.<\/p>\n<p>La GO2 est \u00e9tanche jusqu&#8217;\u00e0 4 m\u00e8tres, ce qui en fait un compagnon id\u00e9al pour les aventures aquatiques. De plus, elle est dot\u00e9e de fonctionnalit\u00e9s avanc\u00e9es telles que la capture en time-lapse, la diffusion en direct et la prise de vue en rafale.<\/p>\n<p>Gr\u00e2ce \u00e0 l&#8217;application d\u00e9di\u00e9e Insta360, vous pouvez facilement transf\u00e9rer vos vid\u00e9os et photos sur votre t\u00e9l\u00e9phone, les \u00e9diter et les partager sur les r\u00e9seaux sociaux. Vous pouvez \u00e9galement contr\u00f4ler la cam\u00e9ra \u00e0 distance via l&#8217;application, ce qui vous permet d&#8217;explorer de nouvelles perspectives et de capturer des moments uniques.<\/p>\n<p>Avec la cam\u00e9ra sport Insta360 GO2 Blanc, vous pouvez immortaliser vos aventures de mani\u00e8re immersive et dynamique. C&#8217;est l&#8217;accessoire id\u00e9al pour les amateurs de sports extr\u00eames, les voyageurs et tous ceux qui veulent capturer des moments m\u00e9morables avec facilit\u00e9 et qualit\u00e9.<\/p>\n","protected":false},"featured_media":1053,"comment_status":"open","ping_status":"closed","template":"","meta":{"_vp_format_video_url":"","_vp_image_focal_point":[]},"product_cat":[22],"product_tag":[],"yoast_head":"<!-- This site is optimized with the Yoast SEO plugin v20.5 - https:\/\/yoast.com\/wordpress\/plugins\/seo\/ -->\n<title>Cam\u00e9ra sport Insta360 GO2 Blanc - Photo Guibout<\/title>\n<meta name=\"robots\" content=\"noindex, follow, max-snippet:-1, max-image-preview:large, max-video-preview:-1\" \/>\n<meta property=\"og:locale\" content=\"fr_FR\" \/>\n<meta property=\"og:type\" content=\"article\" \/>\n<meta property=\"og:title\" content=\"Cam\u00e9ra sport Insta360 GO2 Blanc - Photo Guibout\" \/>\n<meta property=\"og:description\" content=\"La cam\u00e9ra sport Insta360 GO2 Blanc est un petit bijou de technologie qui vous permet de capturer des moments d&#039;aventure de mani\u00e8re facile et immersive. Avec sa taille compacte et son poids l\u00e9ger, vous pouvez la fixer n&#039;importe o\u00f9 pour capturer des vid\u00e9os et des photos incroyables.  Dot\u00e9e d&#039;une r\u00e9solution vid\u00e9o 1440p, la cam\u00e9ra offre des images nettes et d\u00e9taill\u00e9es. Elle dispose \u00e9galement de la stabilisation d&#039;image FlowState, qui garantit des vid\u00e9os fluides et sans secousses, m\u00eame lors de mouvements rapides ou de conditions extr\u00eames.  La GO2 est \u00e9tanche jusqu&#039;\u00e0 4 m\u00e8tres, ce qui en fait un compagnon id\u00e9al pour les aventures aquatiques. De plus, elle est dot\u00e9e de fonctionnalit\u00e9s avanc\u00e9es telles que la capture en time-lapse, la diffusion en direct et la prise de vue en rafale.  Gr\u00e2ce \u00e0 l&#039;application d\u00e9di\u00e9e Insta360, vous pouvez facilement transf\u00e9rer vos vid\u00e9os et photos sur votre t\u00e9l\u00e9phone, les \u00e9diter et les partager sur les r\u00e9seaux sociaux. Vous pouvez \u00e9galement contr\u00f4ler la cam\u00e9ra \u00e0 distance via l&#039;application, ce qui vous permet d&#039;explorer de nouvelles perspectives et de capturer des moments uniques.  Avec la cam\u00e9ra sport Insta360 GO2 Blanc, vous pouvez immortaliser vos aventures de mani\u00e8re immersive et dynamique. C&#039;est l&#039;accessoire id\u00e9al pour les amateurs de sports extr\u00eames, les voyageurs et tous ceux qui veulent capturer des moments m\u00e9morables avec facilit\u00e9 et qualit\u00e9.\" \/>\n<meta property=\"og:url\" content=\"https:\/\/asma.ideotours.fr\/photoguibout\/produit\/camera-sport-insta360-go2-blanc\/\" \/>\n<meta property=\"og:site_name\" content=\"Photo Guibout\" \/>\n<meta property=\"article:modified_time\" content=\"2023-06-28T15:28:46+00:00\" \/>\n<meta property=\"og:image\" content=\"https:\/\/asma.ideotours.fr\/photoguibout\/wp-content\/uploads\/2023\/06\/Camera-sport-Insta360-GO2-Blanc.jpg\" \/>\n\t<meta property=\"og:image:width\" content=\"340\" \/>\n\t<meta property=\"og:image:height\" content=\"340\" \/>\n\t<meta property=\"og:image:type\" content=\"image\/jpeg\" \/>\n<meta name=\"twitter:card\" content=\"summary_large_image\" \/>\n<meta name=\"twitter:label1\" content=\"Dur\u00e9e de lecture estim\u00e9e\" \/>\n\t<meta name=\"twitter:data1\" content=\"1 minute\" \/>\n<script type=\"application\/ld+json\" class=\"yoast-schema-graph\">{\"@context\":\"https:\/\/schema.org\",\"@graph\":[{\"@type\":\"WebPage\",\"@id\":\"https:\/\/asma.ideotours.fr\/photoguibout\/produit\/camera-sport-insta360-go2-blanc\/\",\"url\":\"https:\/\/asma.ideotours.fr\/photoguibout\/produit\/camera-sport-insta360-go2-blanc\/\",\"name\":\"Cam\u00e9ra sport Insta360 GO2 Blanc - Photo Guibout\",\"isPartOf\":{\"@id\":\"https:\/\/asma.ideotours.fr\/photoguibout\/#website\"},\"datePublished\":\"2023-06-28T15:21:31+00:00\",\"dateModified\":\"2023-06-28T15:28:46+00:00\",\"breadcrumb\":{\"@id\":\"https:\/\/asma.ideotours.fr\/photoguibout\/produit\/camera-sport-insta360-go2-blanc\/#breadcrumb\"},\"inLanguage\":\"fr-FR\",\"potentialAction\":[{\"@type\":\"ReadAction\",\"target\":[\"https:\/\/asma.ideotours.fr\/photoguibout\/produit\/camera-sport-insta360-go2-blanc\/\"]}]},{\"@type\":\"BreadcrumbList\",\"@id\":\"https:\/\/asma.ideotours.fr\/photoguibout\/produit\/camera-sport-insta360-go2-blanc\/#breadcrumb\",\"itemListElement\":[{\"@type\":\"ListItem\",\"position\":1,\"name\":\"Accueil\",\"item\":\"https:\/\/asma.ideotours.fr\/photoguibout\/\"},{\"@type\":\"ListItem\",\"position\":2,\"name\":\"Boutique\",\"item\":\"https:\/\/asma.ideotours.fr\/photoguibout\/boutique\/\"},{\"@type\":\"ListItem\",\"position\":3,\"name\":\"Cam\u00e9ra sport Insta360 GO2 Blanc\"}]},{\"@type\":\"WebSite\",\"@id\":\"https:\/\/asma.ideotours.fr\/photoguibout\/#website\",\"url\":\"https:\/\/asma.ideotours.fr\/photoguibout\/\",\"name\":\"Photo Guibout\",\"description\":\"\",\"publisher\":{\"@id\":\"https:\/\/asma.ideotours.fr\/photoguibout\/#\/schema\/person\/3a9d5f568466f7757e0abc8be3054d3c\"},\"potentialAction\":[{\"@type\":\"SearchAction\",\"target\":{\"@type\":\"EntryPoint\",\"urlTemplate\":\"https:\/\/asma.ideotours.fr\/photoguibout\/?s={search_term_string}\"},\"query-input\":\"required name=search_term_string\"}],\"inLanguage\":\"fr-FR\"},{\"@type\":[\"Person\",\"Organization\"],\"@id\":\"https:\/\/asma.ideotours.fr\/photoguibout\/#\/schema\/person\/3a9d5f568466f7757e0abc8be3054d3c\",\"name\":\"IdeopointPOINTcom\",\"logo\":{\"@id\":\"https:\/\/asma.ideotours.fr\/photoguibout\/#\/schema\/person\/image\/\"},\"sameAs\":[\"https:\/\/asma.ideotours.fr\/photoguibout\"]}]}<\/script>\n<!-- \/ Yoast SEO plugin. -->","yoast_head_json":{"title":"Cam\u00e9ra sport Insta360 GO2 Blanc - Photo Guibout","robots":{"index":"noindex","follow":"follow","max-snippet":"max-snippet:-1","max-image-preview":"max-image-preview:large","max-video-preview":"max-video-preview:-1"},"og_locale":"fr_FR","og_type":"article","og_title":"Cam\u00e9ra sport Insta360 GO2 Blanc - Photo Guibout","og_description":"La cam\u00e9ra sport Insta360 GO2 Blanc est un petit bijou de technologie qui vous permet de capturer des moments d'aventure de mani\u00e8re facile et immersive. Avec sa taille compacte et son poids l\u00e9ger, vous pouvez la fixer n'importe o\u00f9 pour capturer des vid\u00e9os et des photos incroyables.  Dot\u00e9e d'une r\u00e9solution vid\u00e9o 1440p, la cam\u00e9ra offre des images nettes et d\u00e9taill\u00e9es. Elle dispose \u00e9galement de la stabilisation d'image FlowState, qui garantit des vid\u00e9os fluides et sans secousses, m\u00eame lors de mouvements rapides ou de conditions extr\u00eames.  La GO2 est \u00e9tanche jusqu'\u00e0 4 m\u00e8tres, ce qui en fait un compagnon id\u00e9al pour les aventures aquatiques. De plus, elle est dot\u00e9e de fonctionnalit\u00e9s avanc\u00e9es telles que la capture en time-lapse, la diffusion en direct et la prise de vue en rafale.  Gr\u00e2ce \u00e0 l'application d\u00e9di\u00e9e Insta360, vous pouvez facilement transf\u00e9rer vos vid\u00e9os et photos sur votre t\u00e9l\u00e9phone, les \u00e9diter et les partager sur les r\u00e9seaux sociaux. Vous pouvez \u00e9galement contr\u00f4ler la cam\u00e9ra \u00e0 distance via l'application, ce qui vous permet d'explorer de nouvelles perspectives et de capturer des moments uniques.  Avec la cam\u00e9ra sport Insta360 GO2 Blanc, vous pouvez immortaliser vos aventures de mani\u00e8re immersive et dynamique. C'est l'accessoire id\u00e9al pour les amateurs de sports extr\u00eames, les voyageurs et tous ceux qui veulent capturer des moments m\u00e9morables avec facilit\u00e9 et qualit\u00e9.","og_url":"https:\/\/asma.ideotours.fr\/photoguibout\/produit\/camera-sport-insta360-go2-blanc\/","og_site_name":"Photo Guibout","article_modified_time":"2023-06-28T15:28:46+00:00","og_image":[{"width":340,"height":340,"url":"https:\/\/asma.ideotours.fr\/photoguibout\/wp-content\/uploads\/2023\/06\/Camera-sport-Insta360-GO2-Blanc.jpg","type":"image\/jpeg"}],"twitter_card":"summary_large_image","twitter_misc":{"Dur\u00e9e de lecture estim\u00e9e":"1 minute"},"schema":{"@context":"https:\/\/schema.org","@graph":[{"@type":"WebPage","@id":"https:\/\/asma.ideotours.fr\/photoguibout\/produit\/camera-sport-insta360-go2-blanc\/","url":"https:\/\/asma.ideotours.fr\/photoguibout\/produit\/camera-sport-insta360-go2-blanc\/","name":"Cam\u00e9ra sport Insta360 GO2 Blanc - Photo Guibout","isPartOf":{"@id":"https:\/\/asma.ideotours.fr\/photoguibout\/#website"},"datePublished":"2023-06-28T15:21:31+00:00","dateModified":"2023-06-28T15:28:46+00:00","breadcrumb":{"@id":"https:\/\/asma.ideotours.fr\/photoguibout\/produit\/camera-sport-insta360-go2-blanc\/#breadcrumb"},"inLanguage":"fr-FR","potentialAction":[{"@type":"ReadAction","target":["https:\/\/asma.ideotours.fr\/photoguibout\/produit\/camera-sport-insta360-go2-blanc\/"]}]},{"@type":"BreadcrumbList","@id":"https:\/\/asma.ideotours.fr\/photoguibout\/produit\/camera-sport-insta360-go2-blanc\/#breadcrumb","itemListElement":[{"@type":"ListItem","position":1,"name":"Accueil","item":"https:\/\/asma.ideotours.fr\/photoguibout\/"},{"@type":"ListItem","position":2,"name":"Boutique","item":"https:\/\/asma.ideotours.fr\/photoguibout\/boutique\/"},{"@type":"ListItem","position":3,"name":"Cam\u00e9ra sport Insta360 GO2 Blanc"}]},{"@type":"WebSite","@id":"https:\/\/asma.ideotours.fr\/photoguibout\/#website","url":"https:\/\/asma.ideotours.fr\/photoguibout\/","name":"Photo Guibout","description":"","publisher":{"@id":"https:\/\/asma.ideotours.fr\/photoguibout\/#\/schema\/person\/3a9d5f568466f7757e0abc8be3054d3c"},"potentialAction":[{"@type":"SearchAction","target":{"@type":"EntryPoint","urlTemplate":"https:\/\/asma.ideotours.fr\/photoguibout\/?s={search_term_string}"},"query-input":"required name=search_term_string"}],"inLanguage":"fr-FR"},{"@type":["Person","Organization"],"@id":"https:\/\/asma.ideotours.fr\/photoguibout\/#\/schema\/person\/3a9d5f568466f7757e0abc8be3054d3c","name":"IdeopointPOINTcom","logo":{"@id":"https:\/\/asma.ideotours.fr\/photoguibout\/#\/schema\/person\/image\/"},"sameAs":["https:\/\/asma.ideotours.fr\/photoguibout"]}]}},"_links":{"self":[{"href":"https:\/\/asma.ideotours.fr\/photoguibout\/wp-json\/wp\/v3\/product\/1052"}],"collection":[{"href":"https:\/\/asma.ideotours.fr\/photoguibout\/wp-json\/wp\/v3\/product"}],"about":[{"href":"https:\/\/asma.ideotours.fr\/photoguibout\/wp-json\/wp\/v2\/types\/product"}],"replies":[{"embeddable":true,"href":"https:\/\/asma.ideotours.fr\/photoguibout\/wp-json\/wp\/v2\/comments?post=1052"}],"wp:featuredmedia":[{"embeddable":true,"href":"https:\/\/asma.ideotours.fr\/photoguibout\/wp-json\/wp\/v2\/media\/1053"}],"wp:attachment":[{"href":"https:\/\/asma.ideotours.fr\/photoguibout\/wp-json\/wp\/v2\/media?parent=1052"}],"wp:term":[{"taxonomy":"product_cat","embeddable":true,"href":"https:\/\/asma.ideotours.fr\/photoguibout\/wp-json\/wp\/v2\/product_cat?post=1052"},{"taxonomy":"product_tag","embeddable":true,"href":"https:\/\/asma.ideotours.fr\/photoguibout\/wp-json\/wp\/v2\/product_tag?post=1052"}],"curies":[{"name":"wp","href":"https:\/\/api.w.org\/{rel}","templated":true}]}}