
{"id":1073,"date":"2025-09-23T10:27:38","date_gmt":"2025-09-23T08:27:38","guid":{"rendered":"https:\/\/asma.ideotours.fr\/photoguibout\/?post_type=product&#038;p=1073"},"modified":"2025-09-23T10:28:49","modified_gmt":"2025-09-23T08:28:49","slug":"panasonic-dc-fz-82-de-k","status":"publish","type":"product","link":"https:\/\/asma.ideotours.fr\/photoguibout\/produit\/panasonic-dc-fz-82-de-k\/","title":{"rendered":"PANASONIC DC FZ 82 DE K"},"content":{"rendered":"<ul>\n<li data-start=\"181\" data-end=\"237\">\n<p data-start=\"183\" data-end=\"237\"><strong data-start=\"183\" data-end=\"191\">Type<\/strong> : Appareil photo bridge avec objectif int\u00e9gr\u00e9<\/p>\n<\/li>\n<li data-start=\"238\" data-end=\"323\">\n<p data-start=\"240\" data-end=\"323\"><strong data-start=\"240\" data-end=\"251\">Capteur<\/strong> : MOS haute sensibilit\u00e9 de 1\/2,3\" (18,9 Mpx totaux, 18,1 Mpx effectifs)<\/p>\n<\/li>\n<li data-start=\"324\" data-end=\"396\">\n<p data-start=\"326\" data-end=\"396\"><strong data-start=\"326\" data-end=\"338\">Objectif<\/strong> : LUMIX DC VARIO 20\u20131200 mm (\u00e9quivalent 35 mm), f\/2.8\u20135.9<\/p>\n<\/li>\n<li data-start=\"397\" data-end=\"450\">\n<p data-start=\"399\" data-end=\"450\"><strong data-start=\"399\" data-end=\"415\">Zoom optique<\/strong> : 60\u00d7 (120\u00d7 avec zoom intelligent)<\/p>\n<\/li>\n<li data-start=\"451\" data-end=\"517\">\n<p data-start=\"453\" data-end=\"517\"><strong data-start=\"453\" data-end=\"470\">Stabilisation<\/strong> : POWER O.I.S. avec mode Actif pour les vid\u00e9os<\/p>\n<\/li>\n<li data-start=\"518\" data-end=\"561\">\n<p data-start=\"520\" data-end=\"561\"><strong data-start=\"520\" data-end=\"530\">Viseur<\/strong> : \u00c9lectronique LCD de 1,17 Mpx<\/p>\n<\/li>\n<li data-start=\"562\" data-end=\"604\">\n<p data-start=\"564\" data-end=\"604\"><strong data-start=\"564\" data-end=\"573\">\u00c9cran<\/strong> : LCD tactile de 3\" (1,04 Mpx)<\/p>\n<\/li>\n<li data-start=\"605\" data-end=\"653\">\n<p data-start=\"607\" data-end=\"653\"><strong data-start=\"607\" data-end=\"616\">Vid\u00e9o<\/strong> : 4K UHD \u00e0 30p, 4K PHOTO, Post Focus<\/p>\n<\/li>\n<li data-start=\"654\" data-end=\"697\">\n<p data-start=\"656\" data-end=\"697\"><strong data-start=\"656\" data-end=\"663\">ISO<\/strong> : 100\u20136400 (extensible \u00e0 80\u20136400)<\/p>\n<\/li>\n<li data-start=\"698\" data-end=\"759\">\n<p data-start=\"700\" data-end=\"759\"><strong data-start=\"700\" data-end=\"713\">Autofocus<\/strong> : D\u00e9tection de contraste avec technologie DFD<\/p>\n<\/li>\n<li data-start=\"760\" data-end=\"786\">\n<p data-start=\"762\" data-end=\"786\"><strong data-start=\"762\" data-end=\"778\">Connectivit\u00e9<\/strong> : Wi-Fi<\/p>\n<\/li>\n<li data-start=\"787\" data-end=\"829\">\n<p data-start=\"789\" data-end=\"829\"><strong data-start=\"789\" data-end=\"803\">Dimensions<\/strong> : 130,2 \u00d7 94,3 \u00d7 119,2 mm<\/p>\n<\/li>\n<li data-start=\"830\" data-end=\"877\">\n<p data-start=\"832\" data-end=\"877\"><strong data-start=\"832\" data-end=\"841\">Poids<\/strong> : 616 g (avec batterie et carte SD)<\/p>\n<\/li>\n<\/ul>\n","protected":false},"excerpt":{"rendered":"<p>Le Panasonic Lumix DC-FZ82DE-K est un appareil photo bridge offrant une polyvalence exceptionnelle gr\u00e2ce \u00e0 son zoom optique 60\u00d7 (\u00e9quivalent 20\u20131200 mm) et son capteur MOS haute sensibilit\u00e9 de 18,1 Mpx. Il permet de capturer des images nettes et d\u00e9taill\u00e9es, que ce soit pour des paysages larges ou des sujets \u00e9loign\u00e9s. Avec sa capacit\u00e9 d&#8217;enregistrement vid\u00e9o en 4K UHD, ses fonctionnalit\u00e9s 4K PHOTO, et son mode Post Focus, il offre une cr\u00e9ativit\u00e9 accrue pour les photographes et vid\u00e9astes. Son viseur \u00e9lectronique et son \u00e9cran LCD tactile facilitent la composition et la prise de vue, tandis que la stabilisation d&#8217;image assure des r\u00e9sultats pr\u00e9cis m\u00eame en mouvement. Ce mod\u00e8le est id\u00e9al pour ceux qui recherchent un appareil tout-en-un performant \u00e0 un prix abordable.<\/p>\n","protected":false},"featured_media":0,"comment_status":"open","ping_status":"closed","template":"","meta":{"_vp_format_video_url":"","_vp_image_focal_point":[]},"product_cat":[20],"product_tag":[30],"yoast_head":"<!-- This site is optimized with the Yoast SEO plugin v20.5 - https:\/\/yoast.com\/wordpress\/plugins\/seo\/ -->\n<title>PANASONIC DC FZ 82 DE K - Photo Guibout<\/title>\n<meta name=\"robots\" content=\"noindex, follow, max-snippet:-1, max-image-preview:large, max-video-preview:-1\" \/>\n<meta property=\"og:locale\" content=\"fr_FR\" \/>\n<meta property=\"og:type\" content=\"article\" \/>\n<meta property=\"og:title\" content=\"PANASONIC DC FZ 82 DE K - Photo Guibout\" \/>\n<meta property=\"og:description\" content=\"Le Panasonic Lumix DC-FZ82DE-K est un appareil photo bridge offrant une polyvalence exceptionnelle gr\u00e2ce \u00e0 son zoom optique 60\u00d7 (\u00e9quivalent 20\u20131200 mm) et son capteur MOS haute sensibilit\u00e9 de 18,1 Mpx. Il permet de capturer des images nettes et d\u00e9taill\u00e9es, que ce soit pour des paysages larges ou des sujets \u00e9loign\u00e9s. Avec sa capacit\u00e9 d&#039;enregistrement vid\u00e9o en 4K UHD, ses fonctionnalit\u00e9s 4K PHOTO, et son mode Post Focus, il offre une cr\u00e9ativit\u00e9 accrue pour les photographes et vid\u00e9astes. Son viseur \u00e9lectronique et son \u00e9cran LCD tactile facilitent la composition et la prise de vue, tandis que la stabilisation d&#039;image assure des r\u00e9sultats pr\u00e9cis m\u00eame en mouvement. Ce mod\u00e8le est id\u00e9al pour ceux qui recherchent un appareil tout-en-un performant \u00e0 un prix abordable.\" \/>\n<meta property=\"og:url\" content=\"https:\/\/asma.ideotours.fr\/photoguibout\/produit\/panasonic-dc-fz-82-de-k\/\" \/>\n<meta property=\"og:site_name\" content=\"Photo Guibout\" \/>\n<meta property=\"article:modified_time\" content=\"2025-09-23T08:28:49+00:00\" \/>\n<meta name=\"twitter:card\" content=\"summary_large_image\" \/>\n<meta name=\"twitter:label1\" content=\"Dur\u00e9e de lecture estim\u00e9e\" \/>\n\t<meta name=\"twitter:data1\" content=\"1 minute\" \/>\n<script type=\"application\/ld+json\" class=\"yoast-schema-graph\">{\"@context\":\"https:\/\/schema.org\",\"@graph\":[{\"@type\":\"WebPage\",\"@id\":\"https:\/\/asma.ideotours.fr\/photoguibout\/produit\/panasonic-dc-fz-82-de-k\/\",\"url\":\"https:\/\/asma.ideotours.fr\/photoguibout\/produit\/panasonic-dc-fz-82-de-k\/\",\"name\":\"PANASONIC DC FZ 82 DE K - Photo Guibout\",\"isPartOf\":{\"@id\":\"https:\/\/asma.ideotours.fr\/photoguibout\/#website\"},\"datePublished\":\"2025-09-23T08:27:38+00:00\",\"dateModified\":\"2025-09-23T08:28:49+00:00\",\"breadcrumb\":{\"@id\":\"https:\/\/asma.ideotours.fr\/photoguibout\/produit\/panasonic-dc-fz-82-de-k\/#breadcrumb\"},\"inLanguage\":\"fr-FR\",\"potentialAction\":[{\"@type\":\"ReadAction\",\"target\":[\"https:\/\/asma.ideotours.fr\/photoguibout\/produit\/panasonic-dc-fz-82-de-k\/\"]}]},{\"@type\":\"BreadcrumbList\",\"@id\":\"https:\/\/asma.ideotours.fr\/photoguibout\/produit\/panasonic-dc-fz-82-de-k\/#breadcrumb\",\"itemListElement\":[{\"@type\":\"ListItem\",\"position\":1,\"name\":\"Accueil\",\"item\":\"https:\/\/asma.ideotours.fr\/photoguibout\/\"},{\"@type\":\"ListItem\",\"position\":2,\"name\":\"Boutique\",\"item\":\"https:\/\/asma.ideotours.fr\/photoguibout\/boutique\/\"},{\"@type\":\"ListItem\",\"position\":3,\"name\":\"PANASONIC DC FZ 82 DE K\"}]},{\"@type\":\"WebSite\",\"@id\":\"https:\/\/asma.ideotours.fr\/photoguibout\/#website\",\"url\":\"https:\/\/asma.ideotours.fr\/photoguibout\/\",\"name\":\"Photo Guibout\",\"description\":\"\",\"publisher\":{\"@id\":\"https:\/\/asma.ideotours.fr\/photoguibout\/#\/schema\/person\/3a9d5f568466f7757e0abc8be3054d3c\"},\"potentialAction\":[{\"@type\":\"SearchAction\",\"target\":{\"@type\":\"EntryPoint\",\"urlTemplate\":\"https:\/\/asma.ideotours.fr\/photoguibout\/?s={search_term_string}\"},\"query-input\":\"required name=search_term_string\"}],\"inLanguage\":\"fr-FR\"},{\"@type\":[\"Person\",\"Organization\"],\"@id\":\"https:\/\/asma.ideotours.fr\/photoguibout\/#\/schema\/person\/3a9d5f568466f7757e0abc8be3054d3c\",\"name\":\"IdeopointPOINTcom\",\"logo\":{\"@id\":\"https:\/\/asma.ideotours.fr\/photoguibout\/#\/schema\/person\/image\/\"},\"sameAs\":[\"https:\/\/asma.ideotours.fr\/photoguibout\"]}]}<\/script>\n<!-- \/ Yoast SEO plugin. -->","yoast_head_json":{"title":"PANASONIC DC FZ 82 DE K - Photo Guibout","robots":{"index":"noindex","follow":"follow","max-snippet":"max-snippet:-1","max-image-preview":"max-image-preview:large","max-video-preview":"max-video-preview:-1"},"og_locale":"fr_FR","og_type":"article","og_title":"PANASONIC DC FZ 82 DE K - Photo Guibout","og_description":"Le Panasonic Lumix DC-FZ82DE-K est un appareil photo bridge offrant une polyvalence exceptionnelle gr\u00e2ce \u00e0 son zoom optique 60\u00d7 (\u00e9quivalent 20\u20131200 mm) et son capteur MOS haute sensibilit\u00e9 de 18,1 Mpx. Il permet de capturer des images nettes et d\u00e9taill\u00e9es, que ce soit pour des paysages larges ou des sujets \u00e9loign\u00e9s. Avec sa capacit\u00e9 d'enregistrement vid\u00e9o en 4K UHD, ses fonctionnalit\u00e9s 4K PHOTO, et son mode Post Focus, il offre une cr\u00e9ativit\u00e9 accrue pour les photographes et vid\u00e9astes. Son viseur \u00e9lectronique et son \u00e9cran LCD tactile facilitent la composition et la prise de vue, tandis que la stabilisation d'image assure des r\u00e9sultats pr\u00e9cis m\u00eame en mouvement. Ce mod\u00e8le est id\u00e9al pour ceux qui recherchent un appareil tout-en-un performant \u00e0 un prix abordable.","og_url":"https:\/\/asma.ideotours.fr\/photoguibout\/produit\/panasonic-dc-fz-82-de-k\/","og_site_name":"Photo Guibout","article_modified_time":"2025-09-23T08:28:49+00:00","twitter_card":"summary_large_image","twitter_misc":{"Dur\u00e9e de lecture estim\u00e9e":"1 minute"},"schema":{"@context":"https:\/\/schema.org","@graph":[{"@type":"WebPage","@id":"https:\/\/asma.ideotours.fr\/photoguibout\/produit\/panasonic-dc-fz-82-de-k\/","url":"https:\/\/asma.ideotours.fr\/photoguibout\/produit\/panasonic-dc-fz-82-de-k\/","name":"PANASONIC DC FZ 82 DE K - Photo Guibout","isPartOf":{"@id":"https:\/\/asma.ideotours.fr\/photoguibout\/#website"},"datePublished":"2025-09-23T08:27:38+00:00","dateModified":"2025-09-23T08:28:49+00:00","breadcrumb":{"@id":"https:\/\/asma.ideotours.fr\/photoguibout\/produit\/panasonic-dc-fz-82-de-k\/#breadcrumb"},"inLanguage":"fr-FR","potentialAction":[{"@type":"ReadAction","target":["https:\/\/asma.ideotours.fr\/photoguibout\/produit\/panasonic-dc-fz-82-de-k\/"]}]},{"@type":"BreadcrumbList","@id":"https:\/\/asma.ideotours.fr\/photoguibout\/produit\/panasonic-dc-fz-82-de-k\/#breadcrumb","itemListElement":[{"@type":"ListItem","position":1,"name":"Accueil","item":"https:\/\/asma.ideotours.fr\/photoguibout\/"},{"@type":"ListItem","position":2,"name":"Boutique","item":"https:\/\/asma.ideotours.fr\/photoguibout\/boutique\/"},{"@type":"ListItem","position":3,"name":"PANASONIC DC FZ 82 DE K"}]},{"@type":"WebSite","@id":"https:\/\/asma.ideotours.fr\/photoguibout\/#website","url":"https:\/\/asma.ideotours.fr\/photoguibout\/","name":"Photo Guibout","description":"","publisher":{"@id":"https:\/\/asma.ideotours.fr\/photoguibout\/#\/schema\/person\/3a9d5f568466f7757e0abc8be3054d3c"},"potentialAction":[{"@type":"SearchAction","target":{"@type":"EntryPoint","urlTemplate":"https:\/\/asma.ideotours.fr\/photoguibout\/?s={search_term_string}"},"query-input":"required name=search_term_string"}],"inLanguage":"fr-FR"},{"@type":["Person","Organization"],"@id":"https:\/\/asma.ideotours.fr\/photoguibout\/#\/schema\/person\/3a9d5f568466f7757e0abc8be3054d3c","name":"IdeopointPOINTcom","logo":{"@id":"https:\/\/asma.ideotours.fr\/photoguibout\/#\/schema\/person\/image\/"},"sameAs":["https:\/\/asma.ideotours.fr\/photoguibout"]}]}},"_links":{"self":[{"href":"https:\/\/asma.ideotours.fr\/photoguibout\/wp-json\/wp\/v3\/product\/1073"}],"collection":[{"href":"https:\/\/asma.ideotours.fr\/photoguibout\/wp-json\/wp\/v3\/product"}],"about":[{"href":"https:\/\/asma.ideotours.fr\/photoguibout\/wp-json\/wp\/v2\/types\/product"}],"replies":[{"embeddable":true,"href":"https:\/\/asma.ideotours.fr\/photoguibout\/wp-json\/wp\/v2\/comments?post=1073"}],"wp:attachment":[{"href":"https:\/\/asma.ideotours.fr\/photoguibout\/wp-json\/wp\/v2\/media?parent=1073"}],"wp:term":[{"taxonomy":"product_cat","embeddable":true,"href":"https:\/\/asma.ideotours.fr\/photoguibout\/wp-json\/wp\/v2\/product_cat?post=1073"},{"taxonomy":"product_tag","embeddable":true,"href":"https:\/\/asma.ideotours.fr\/photoguibout\/wp-json\/wp\/v2\/product_tag?post=1073"}],"curies":[{"name":"wp","href":"https:\/\/api.w.org\/{rel}","templated":true}]}}