
{"id":877,"date":"2023-04-13T01:34:35","date_gmt":"2023-04-12T23:34:35","guid":{"rendered":"https:\/\/asma.ideotours.fr\/photoguibout\/?post_type=product&#038;p=877"},"modified":"2023-05-17T11:10:41","modified_gmt":"2023-05-17T09:10:41","slug":"instax-mini-link-2","status":"publish","type":"product","link":"https:\/\/asma.ideotours.fr\/photoguibout\/produit\/instax-mini-link-2\/","title":{"rendered":"Instax Mini Link 2 White"},"content":{"rendered":"<div id=\"ftech_titre\"><\/div>\n<div id=\"ftech_contenu\">\n<table border=\"0\" cellspacing=\"0\" cellpadding=\"0\" align=\"center\">\n<tbody>\n<tr>\n<td colspan=\"2\">GENERAL<\/td>\n<\/tr>\n<tr>\n<td>Type<\/td>\n<td>Imprimante photo instantan\u00e9<\/td>\n<\/tr>\n<tr>\n<td>Gamme<\/td>\n<td>Instax mini Link 2<\/td>\n<\/tr>\n<tr>\n<td>Type<\/td>\n<td>Imprimante photo<\/td>\n<\/tr>\n<tr>\n<td>Taille du film (mm)<\/td>\n<td>54 x 86<\/td>\n<\/tr>\n<tr>\n<td>Taille photo<\/td>\n<td>62 x 46 mm<\/td>\n<\/tr>\n<tr>\n<td>Retardateur<\/td>\n<td>Non<\/td>\n<\/tr>\n<tr>\n<td>Stabilisateur d'image<\/td>\n<td>Non<\/td>\n<\/tr>\n<tr>\n<td>Temps de d\u00e9veloppement du film<\/td>\n<td>Environ 90 secondes<\/td>\n<\/tr>\n<tr>\n<td>Wi-Fi<\/td>\n<td>Non<\/td>\n<\/tr>\n<tr>\n<td>Bluetooth<\/td>\n<td>Oui (4.2 BLE)<\/td>\n<\/tr>\n<tr>\n<td>Etanche<\/td>\n<td>Non<\/td>\n<\/tr>\n<tr>\n<td>Compatibilit\u00e9<\/td>\n<td>Film Instant Color film ''Instax mini''<\/td>\n<\/tr>\n<tr>\n<td>Fonctions<\/td>\n<td>Exposition \u00e0 3 couleurs avec OLED<\/td>\n<\/tr>\n<tr>\n<td>Couleur<\/td>\n<td>Blanc<\/td>\n<\/tr>\n<tr>\n<td colspan=\"2\"><\/td>\n<\/tr>\n<tr>\n<td colspan=\"2\">ENREGISTREMENT<\/td>\n<\/tr>\n<tr>\n<td>Carte m\u00e9moire compatible<\/td>\n<td>Non communiqu\u00e9<\/td>\n<\/tr>\n<tr>\n<td colspan=\"2\"><\/td>\n<\/tr>\n<tr>\n<td colspan=\"2\">ECRAN &amp; AFFICHAGE<\/td>\n<\/tr>\n<tr>\n<td>Ecran<\/td>\n<td>Non<\/td>\n<\/tr>\n<tr>\n<td>Type d'\u00e9cran<\/td>\n<td>Sans \u00e9cran<\/td>\n<\/tr>\n<tr>\n<td colspan=\"2\"><\/td>\n<\/tr>\n<tr>\n<td colspan=\"2\">ACCESSOIRES<\/td>\n<\/tr>\n<tr>\n<td>Accessoire(s) inclus<\/td>\n<td>C\u00e2ble micro USB<\/td>\n<\/tr>\n<tr>\n<td colspan=\"2\"><\/td>\n<\/tr>\n<tr>\n<td colspan=\"2\">ALIMENTATION &amp; CONSOMMATION<\/td>\n<\/tr>\n<tr>\n<td>Alimentation<\/td>\n<td>Batterie lithium-ion<\/td>\n<\/tr>\n<tr>\n<td>Temps de charge<\/td>\n<td>Environ 80 \u00e0 120 min<\/td>\n<\/tr>\n<tr>\n<td colspan=\"2\"><\/td>\n<\/tr>\n<tr>\n<td colspan=\"2\">DIMENSIONS &amp; POIDS<\/td>\n<\/tr>\n<tr>\n<td>Dimensions en mm (L x H x P)<\/td>\n<td>91.9 x 124.8 x 36.4<\/td>\n<\/tr>\n<tr>\n<td>Poids net sans accessoires (g)<\/td>\n<td>210<\/td>\n<\/tr>\n<\/tbody>\n<\/table>\n<\/div>\n","protected":false},"excerpt":{"rendered":"<p>L&#8217;instax Mini Link 2, l\u2019imprimante photo instantan\u00e9e format Mini nouvelle g\u00e9n\u00e9ration, vous permet d\u2019imprimer, en toute simplicit\u00e9 et en quelques secondes, le meilleur des photos de votre smartphone sur du v\u00e9ritable papier photo instax de haute qualit\u00e9 ! Gr\u00e2ce \u00e0 ces nouvelles fonctionnalit\u00e9s, soyez plus cr\u00e9atif que jamais !<\/p>\n<h6>Imprimante photo FUJIFILM INSTAX MINI LINK II<\/h6>\n","protected":false},"featured_media":878,"comment_status":"open","ping_status":"closed","template":"","meta":{"_vp_format_video_url":"","_vp_image_focal_point":[]},"product_cat":[22],"product_tag":[],"yoast_head":"<!-- This site is optimized with the Yoast SEO plugin v20.5 - https:\/\/yoast.com\/wordpress\/plugins\/seo\/ -->\n<title>Instax Mini Link 2 White - Photo Guibout<\/title>\n<meta name=\"robots\" content=\"noindex, follow, max-snippet:-1, max-image-preview:large, max-video-preview:-1\" \/>\n<meta property=\"og:locale\" content=\"fr_FR\" \/>\n<meta property=\"og:type\" content=\"article\" \/>\n<meta property=\"og:title\" content=\"Instax Mini Link 2 White - Photo Guibout\" \/>\n<meta property=\"og:description\" content=\"L&#039;instax Mini Link 2, l\u2019imprimante photo instantan\u00e9e format Mini nouvelle g\u00e9n\u00e9ration, vous permet d\u2019imprimer, en toute simplicit\u00e9 et en quelques secondes, le meilleur des photos de votre smartphone sur du v\u00e9ritable papier photo instax de haute qualit\u00e9 ! Gr\u00e2ce \u00e0 ces nouvelles fonctionnalit\u00e9s, soyez plus cr\u00e9atif que jamais ! Imprimante photo FUJIFILM INSTAX MINI LINK II\" \/>\n<meta property=\"og:url\" content=\"https:\/\/asma.ideotours.fr\/photoguibout\/produit\/instax-mini-link-2\/\" \/>\n<meta property=\"og:site_name\" content=\"Photo Guibout\" \/>\n<meta property=\"article:modified_time\" content=\"2023-05-17T09:10:41+00:00\" \/>\n<meta property=\"og:image\" content=\"https:\/\/asma.ideotours.fr\/photoguibout\/wp-content\/uploads\/2023\/04\/Instax-Mini-Link-2.jpg\" \/>\n\t<meta property=\"og:image:width\" content=\"800\" \/>\n\t<meta property=\"og:image:height\" content=\"800\" \/>\n\t<meta property=\"og:image:type\" content=\"image\/jpeg\" \/>\n<meta name=\"twitter:card\" content=\"summary_large_image\" \/>\n<meta name=\"twitter:label1\" content=\"Dur\u00e9e de lecture estim\u00e9e\" \/>\n\t<meta name=\"twitter:data1\" content=\"1 minute\" \/>\n<script type=\"application\/ld+json\" class=\"yoast-schema-graph\">{\"@context\":\"https:\/\/schema.org\",\"@graph\":[{\"@type\":\"WebPage\",\"@id\":\"https:\/\/asma.ideotours.fr\/photoguibout\/produit\/instax-mini-link-2\/\",\"url\":\"https:\/\/asma.ideotours.fr\/photoguibout\/produit\/instax-mini-link-2\/\",\"name\":\"Instax Mini Link 2 White - Photo Guibout\",\"isPartOf\":{\"@id\":\"https:\/\/asma.ideotours.fr\/photoguibout\/#website\"},\"datePublished\":\"2023-04-12T23:34:35+00:00\",\"dateModified\":\"2023-05-17T09:10:41+00:00\",\"breadcrumb\":{\"@id\":\"https:\/\/asma.ideotours.fr\/photoguibout\/produit\/instax-mini-link-2\/#breadcrumb\"},\"inLanguage\":\"fr-FR\",\"potentialAction\":[{\"@type\":\"ReadAction\",\"target\":[\"https:\/\/asma.ideotours.fr\/photoguibout\/produit\/instax-mini-link-2\/\"]}]},{\"@type\":\"BreadcrumbList\",\"@id\":\"https:\/\/asma.ideotours.fr\/photoguibout\/produit\/instax-mini-link-2\/#breadcrumb\",\"itemListElement\":[{\"@type\":\"ListItem\",\"position\":1,\"name\":\"Accueil\",\"item\":\"https:\/\/asma.ideotours.fr\/photoguibout\/\"},{\"@type\":\"ListItem\",\"position\":2,\"name\":\"Boutique\",\"item\":\"https:\/\/asma.ideotours.fr\/photoguibout\/boutique\/\"},{\"@type\":\"ListItem\",\"position\":3,\"name\":\"Instax Mini Link 2 White\"}]},{\"@type\":\"WebSite\",\"@id\":\"https:\/\/asma.ideotours.fr\/photoguibout\/#website\",\"url\":\"https:\/\/asma.ideotours.fr\/photoguibout\/\",\"name\":\"Photo Guibout\",\"description\":\"\",\"publisher\":{\"@id\":\"https:\/\/asma.ideotours.fr\/photoguibout\/#\/schema\/person\/3a9d5f568466f7757e0abc8be3054d3c\"},\"potentialAction\":[{\"@type\":\"SearchAction\",\"target\":{\"@type\":\"EntryPoint\",\"urlTemplate\":\"https:\/\/asma.ideotours.fr\/photoguibout\/?s={search_term_string}\"},\"query-input\":\"required name=search_term_string\"}],\"inLanguage\":\"fr-FR\"},{\"@type\":[\"Person\",\"Organization\"],\"@id\":\"https:\/\/asma.ideotours.fr\/photoguibout\/#\/schema\/person\/3a9d5f568466f7757e0abc8be3054d3c\",\"name\":\"IdeopointPOINTcom\",\"logo\":{\"@id\":\"https:\/\/asma.ideotours.fr\/photoguibout\/#\/schema\/person\/image\/\"},\"sameAs\":[\"https:\/\/asma.ideotours.fr\/photoguibout\"]}]}<\/script>\n<!-- \/ Yoast SEO plugin. -->","yoast_head_json":{"title":"Instax Mini Link 2 White - Photo Guibout","robots":{"index":"noindex","follow":"follow","max-snippet":"max-snippet:-1","max-image-preview":"max-image-preview:large","max-video-preview":"max-video-preview:-1"},"og_locale":"fr_FR","og_type":"article","og_title":"Instax Mini Link 2 White - Photo Guibout","og_description":"L'instax Mini Link 2, l\u2019imprimante photo instantan\u00e9e format Mini nouvelle g\u00e9n\u00e9ration, vous permet d\u2019imprimer, en toute simplicit\u00e9 et en quelques secondes, le meilleur des photos de votre smartphone sur du v\u00e9ritable papier photo instax de haute qualit\u00e9 ! Gr\u00e2ce \u00e0 ces nouvelles fonctionnalit\u00e9s, soyez plus cr\u00e9atif que jamais ! Imprimante photo FUJIFILM INSTAX MINI LINK II","og_url":"https:\/\/asma.ideotours.fr\/photoguibout\/produit\/instax-mini-link-2\/","og_site_name":"Photo Guibout","article_modified_time":"2023-05-17T09:10:41+00:00","og_image":[{"width":800,"height":800,"url":"https:\/\/asma.ideotours.fr\/photoguibout\/wp-content\/uploads\/2023\/04\/Instax-Mini-Link-2.jpg","type":"image\/jpeg"}],"twitter_card":"summary_large_image","twitter_misc":{"Dur\u00e9e de lecture estim\u00e9e":"1 minute"},"schema":{"@context":"https:\/\/schema.org","@graph":[{"@type":"WebPage","@id":"https:\/\/asma.ideotours.fr\/photoguibout\/produit\/instax-mini-link-2\/","url":"https:\/\/asma.ideotours.fr\/photoguibout\/produit\/instax-mini-link-2\/","name":"Instax Mini Link 2 White - Photo Guibout","isPartOf":{"@id":"https:\/\/asma.ideotours.fr\/photoguibout\/#website"},"datePublished":"2023-04-12T23:34:35+00:00","dateModified":"2023-05-17T09:10:41+00:00","breadcrumb":{"@id":"https:\/\/asma.ideotours.fr\/photoguibout\/produit\/instax-mini-link-2\/#breadcrumb"},"inLanguage":"fr-FR","potentialAction":[{"@type":"ReadAction","target":["https:\/\/asma.ideotours.fr\/photoguibout\/produit\/instax-mini-link-2\/"]}]},{"@type":"BreadcrumbList","@id":"https:\/\/asma.ideotours.fr\/photoguibout\/produit\/instax-mini-link-2\/#breadcrumb","itemListElement":[{"@type":"ListItem","position":1,"name":"Accueil","item":"https:\/\/asma.ideotours.fr\/photoguibout\/"},{"@type":"ListItem","position":2,"name":"Boutique","item":"https:\/\/asma.ideotours.fr\/photoguibout\/boutique\/"},{"@type":"ListItem","position":3,"name":"Instax Mini Link 2 White"}]},{"@type":"WebSite","@id":"https:\/\/asma.ideotours.fr\/photoguibout\/#website","url":"https:\/\/asma.ideotours.fr\/photoguibout\/","name":"Photo Guibout","description":"","publisher":{"@id":"https:\/\/asma.ideotours.fr\/photoguibout\/#\/schema\/person\/3a9d5f568466f7757e0abc8be3054d3c"},"potentialAction":[{"@type":"SearchAction","target":{"@type":"EntryPoint","urlTemplate":"https:\/\/asma.ideotours.fr\/photoguibout\/?s={search_term_string}"},"query-input":"required name=search_term_string"}],"inLanguage":"fr-FR"},{"@type":["Person","Organization"],"@id":"https:\/\/asma.ideotours.fr\/photoguibout\/#\/schema\/person\/3a9d5f568466f7757e0abc8be3054d3c","name":"IdeopointPOINTcom","logo":{"@id":"https:\/\/asma.ideotours.fr\/photoguibout\/#\/schema\/person\/image\/"},"sameAs":["https:\/\/asma.ideotours.fr\/photoguibout"]}]}},"_links":{"self":[{"href":"https:\/\/asma.ideotours.fr\/photoguibout\/wp-json\/wp\/v3\/product\/877"}],"collection":[{"href":"https:\/\/asma.ideotours.fr\/photoguibout\/wp-json\/wp\/v3\/product"}],"about":[{"href":"https:\/\/asma.ideotours.fr\/photoguibout\/wp-json\/wp\/v2\/types\/product"}],"replies":[{"embeddable":true,"href":"https:\/\/asma.ideotours.fr\/photoguibout\/wp-json\/wp\/v2\/comments?post=877"}],"wp:featuredmedia":[{"embeddable":true,"href":"https:\/\/asma.ideotours.fr\/photoguibout\/wp-json\/wp\/v2\/media\/878"}],"wp:attachment":[{"href":"https:\/\/asma.ideotours.fr\/photoguibout\/wp-json\/wp\/v2\/media?parent=877"}],"wp:term":[{"taxonomy":"product_cat","embeddable":true,"href":"https:\/\/asma.ideotours.fr\/photoguibout\/wp-json\/wp\/v2\/product_cat?post=877"},{"taxonomy":"product_tag","embeddable":true,"href":"https:\/\/asma.ideotours.fr\/photoguibout\/wp-json\/wp\/v2\/product_tag?post=877"}],"curies":[{"name":"wp","href":"https:\/\/api.w.org\/{rel}","templated":true}]}}