
{"id":905,"date":"2023-05-31T09:53:00","date_gmt":"2023-05-31T07:53:00","guid":{"rendered":"https:\/\/asma.ideotours.fr\/photoguibout\/?post_type=product&#038;p=905"},"modified":"2023-06-24T10:35:58","modified_gmt":"2023-06-24T08:35:58","slug":"fujifilm-instax-mini-11","status":"publish","type":"product","link":"https:\/\/asma.ideotours.fr\/photoguibout\/produit\/fujifilm-instax-mini-11\/","title":{"rendered":"Fujifilm instax mini 11"},"content":{"rendered":"<div id=\"ftech_titre\">Fiche technique<\/div>\n<div id=\"ftech_contenu\">\n<table border=\"0\" cellspacing=\"0\" cellpadding=\"0\" align=\"center\">\n<tbody>\n<tr>\n<td colspan=\"2\">GENERAL<\/td>\n<\/tr>\n<tr>\n<td>Type<\/td>\n<td>APPAREIL PHOTO INSTANTANEE<\/td>\n<\/tr>\n<tr>\n<td>Taille du film (mm)<\/td>\n<td>54 x 86<\/td>\n<\/tr>\n<tr>\n<td>Taille photo<\/td>\n<td>62 x 46 mm<\/td>\n<\/tr>\n<tr>\n<td>Retardateur<\/td>\n<td>Non<\/td>\n<\/tr>\n<tr>\n<td>Stabilisateur d'image<\/td>\n<td>Non<\/td>\n<\/tr>\n<tr>\n<td>Type de viseur<\/td>\n<td>Viseur \u00e0 image r\u00e9elle, 0.37 x, avec rep\u00e8re de vis\u00e9e<\/td>\n<\/tr>\n<tr>\n<td>Objectif<\/td>\n<td>2 composants, 2 \u00e9l\u00e9ments, F = 60mm, 1:12.7<\/td>\n<\/tr>\n<tr>\n<td>Flash<\/td>\n<td>Oui<\/td>\n<\/tr>\n<tr>\n<td>Type de flash<\/td>\n<td>D\u00e9clenchement constant du flash (r\u00e9glage automatique de l'intensit\u00e9)<\/td>\n<\/tr>\n<tr>\n<td>Films<\/td>\n<td>Film Fujifilm instax mini<\/td>\n<\/tr>\n<tr>\n<td>Temps de d\u00e9veloppement du film<\/td>\n<td>Environ 90 secondes (variable en fonction de la temp\u00e9rature ambiante)<\/td>\n<\/tr>\n<tr>\n<td>Etanche<\/td>\n<td>Non<\/td>\n<\/tr>\n<tr>\n<td>Fonctions<\/td>\n<td>Mode d'exposition automatique, Mode Selfie<\/td>\n<\/tr>\n<tr>\n<td>Divers<\/td>\n<td>Dot\u00e9 d'un compteur de vue et d'une fen\u00eatre de confirmation de pr\u00e9sence de film<\/td>\n<\/tr>\n<tr>\n<td>Couleur<\/td>\n<td>Blanc<\/td>\n<\/tr>\n<tr>\n<td colspan=\"2\"><\/td>\n<\/tr>\n<tr>\n<td colspan=\"2\">ENREGISTREMENT<\/td>\n<\/tr>\n<tr>\n<td>Carte m\u00e9moire compatible<\/td>\n<td>Non communiqu\u00e9<\/td>\n<\/tr>\n<tr>\n<td colspan=\"2\"><\/td>\n<\/tr>\n<tr>\n<td colspan=\"2\">ECRAN &amp; AFFICHAGE<\/td>\n<\/tr>\n<tr>\n<td>Ecran<\/td>\n<td>Non<\/td>\n<\/tr>\n<tr>\n<td>Type d'\u00e9cran<\/td>\n<td>Sans \u00e9cran<\/td>\n<\/tr>\n<tr>\n<td colspan=\"2\"><\/td>\n<\/tr>\n<tr>\n<td colspan=\"2\">ACCESSOIRES<\/td>\n<\/tr>\n<tr>\n<td>Accessoire(s) inclus<\/td>\n<td>Dragonne, bouton d\u00e9clencheur ''diamant'' + 1 bouton d\u00e9clencheur phosphorescent<\/td>\n<\/tr>\n<tr>\n<td colspan=\"2\"><\/td>\n<\/tr>\n<tr>\n<td colspan=\"2\">ALIMENTATION &amp; CONSOMMATION<\/td>\n<\/tr>\n<tr>\n<td>Alimentation<\/td>\n<td>2 piles alcalines AA<\/td>\n<\/tr>\n<tr>\n<td>Autonomie<\/td>\n<td>10 packs de 10 photos<\/td>\n<\/tr>\n<tr>\n<td colspan=\"2\"><\/td>\n<\/tr>\n<tr>\n<td colspan=\"2\">DIMENSIONS &amp; POIDS<\/td>\n<\/tr>\n<tr>\n<td>Dimensions en mm (L x H x P)<\/td>\n<td>107.6 x 121.2 x 67.3<\/td>\n<\/tr>\n<tr>\n<td>Poids net sans accessoires (g)<\/td>\n<td>293<\/td>\n<\/tr>\n<\/tbody>\n<\/table>\n<\/div>\n","protected":false},"excerpt":{"rendered":"<p>&nbsp;<\/p>\n<div id=\"sec1\" class=\"video-section\">\n<div class=\"container\">\n<div class=\"row\">\n<div class=\"col-12\">\n<h2 class=\"vs-title text-center\">Maintenant, encore plus de fa\u00e7ons de donner.<\/h2>\n<div class=\"vs-video\"><\/div>\n<\/div>\n<\/div>\n<\/div>\n<\/div>\n<div id=\"sec2\" class=\"feature-section-x fx-left \">\n<div class=\"fx-image-container\">\n<div class=\"big-text fx-title back\">Mode Selfie<\/div>\n<div class=\"big-text fx-title front\"><\/div>\n<\/div>\n<div class=\"fx-content-container\">\n<h2 class=\"fx-c-heading\">Tirez &amp; Posez<\/h2>\n<div class=\"fx-c-text\">Les selfies (et les gros plans) avec l&#8217;instax mini 11 sont vraiment tr\u00e8s simples. Il vous suffit de tirer le bord avant de l&#8217;objectif et, comme par magie, un objectif selfie int\u00e9gr\u00e9 -de la m\u00eame couleur que le bo\u00eetier de l&#8217;appareil photo- appara\u00eetra. Tenez ensuite l&#8217;instax mini 11 \u00e0 bout de bras, prenez la pose en v\u00e9rifiant bien le cadrage dans le miroir et d\u00e9clenchez .<\/div>\n<\/div>\n<\/div>\n<div id=\"sec3\" class=\"feature-section-x fx-right \">\n<div class=\"fx-image-container\"><\/div>\n<div class=\"fx-content-container\">\n<div class=\"fx-c-text\"><\/div>\n<\/div>\n<\/div>\n<div id=\"sec4\" class=\"feature-section-x fx-left \">\n<div class=\"fx-image-container\">\n<div class=\"big-text fx-title front\"><\/div>\n<\/div>\n<div class=\"fx-content-container\">\n<h2 class=\"fx-c-heading\">Centr\u00e9 sur vous<\/h2>\n<div class=\"fx-c-text\">L&#8217;instax mini 11 fait toujours la mise au point sur vous&#8230; m\u00eame dans les arri\u00e8re-plans les plus sombres. L&#8217;exposition automatique int\u00e9gr\u00e9e vous permet de donner vie \u00e0 n&#8217;importe quel sujet. Ce petit appareil calcule intelligemment la luminosit\u00e9 de votre environnement et ajuste automatiquement la vitesse d&#8217;obturation n\u00e9cessaire. Ainsi, tous les yeux sont toujours riv\u00e9s sur le VIP de votre photo.<\/div>\n<\/div>\n<\/div>\n<div id=\"sec5\" class=\"feature-section-x fx-right \">\n<div class=\"fx-image-container\">\n<div class=\"big-text fx-title back\">Simplicit\u00e9 d&#8217;utilisation<\/div>\n<div class=\"big-text fx-title front\"><\/div>\n<\/div>\n<div class=\"fx-content-container\">\n<h2 class=\"fx-c-heading\">&#8230; sans compromis<\/h2>\n<div class=\"fx-c-text\">Rien ne s&#8217;oppose \u00e0 la perfection avec l&#8217;instax mini 11. Simple \u00e0 utiliser et sans compromis sur la qualit\u00e9 d&#8217;impression, Il ne vous reste plus qu&#8217;\u00e0 vous concentrer sur les captures de vos meilleurs moments.<\/div>\n<\/div>\n<\/div>\n<div id=\"sec6\" class=\"video-section\">\n<div class=\"container\">\n<div class=\"row\">\n<div class=\"col-12\">\n<div class=\"vs-text text-center\"><\/div>\n<div class=\"vs-video\"><\/div>\n<\/div>\n<\/div>\n<\/div>\n<\/div>\n<div id=\"sec7\" class=\"film-section film-mini\">\n<div class=\"container\">\n<div class=\"row\">\n<div class=\"col-12\">\n<div class=\"film-content\">\n<div class=\"film-title\">\n<div class=\"big-text\">Film mini<\/div>\n<\/div>\n<div class=\"film-blurb\">\n<div class=\"fb-title\">Format carte de cr\u00e9dit<\/div>\n<\/div>\n<\/div>\n<\/div>\n<\/div>\n<\/div>\n<\/div>\n<div id=\"instax-up\" class=\"instax-up-cta bg-violet\">\n<div class=\"container\">\n<div class=\"row\"><\/div>\n<\/div>\n<\/div>\n<p>&nbsp;<\/p>\n<div>\n<div class=\"grecaptcha-badge\" data-style=\"bottomright\">\n<div class=\"grecaptcha-error\"><\/div>\n<\/div>\n<\/div>\n<div id=\"onetrust-consent-sdk\"><\/div>\n","protected":false},"featured_media":925,"comment_status":"open","ping_status":"closed","template":"","meta":{"_vp_format_video_url":"","_vp_image_focal_point":[]},"product_cat":[24],"product_tag":[],"yoast_head":"<!-- This site is optimized with the Yoast SEO plugin v20.5 - https:\/\/yoast.com\/wordpress\/plugins\/seo\/ -->\n<title>Fujifilm instax mini 11 - Photo Guibout<\/title>\n<meta name=\"robots\" content=\"noindex, follow, max-snippet:-1, max-image-preview:large, max-video-preview:-1\" \/>\n<meta property=\"og:locale\" content=\"fr_FR\" \/>\n<meta property=\"og:type\" content=\"article\" \/>\n<meta property=\"og:title\" content=\"Fujifilm instax mini 11 - Photo Guibout\" \/>\n<meta property=\"og:description\" content=\"&nbsp;     Maintenant, encore plus de fa\u00e7ons de donner.        Mode Selfie    Tirez &amp; Posez Les selfies (et les gros plans) avec l&#039;instax mini 11 sont vraiment tr\u00e8s simples. Il vous suffit de tirer le bord avant de l&#039;objectif et, comme par magie, un objectif selfie int\u00e9gr\u00e9 -de la m\u00eame couleur que le bo\u00eetier de l&#039;appareil photo- appara\u00eetra. Tenez ensuite l&#039;instax mini 11 \u00e0 bout de bras, prenez la pose en v\u00e9rifiant bien le cadrage dans le miroir et d\u00e9clenchez .              Centr\u00e9 sur vous L&#039;instax mini 11 fait toujours la mise au point sur vous... m\u00eame dans les arri\u00e8re-plans les plus sombres. L&#039;exposition automatique int\u00e9gr\u00e9e vous permet de donner vie \u00e0 n&#039;importe quel sujet. Ce petit appareil calcule intelligemment la luminosit\u00e9 de votre environnement et ajuste automatiquement la vitesse d&#039;obturation n\u00e9cessaire. Ainsi, tous les yeux sont toujours riv\u00e9s sur le VIP de votre photo.     Simplicit\u00e9 d&#039;utilisation    ... sans compromis Rien ne s&#039;oppose \u00e0 la perfection avec l&#039;instax mini 11. Simple \u00e0 utiliser et sans compromis sur la qualit\u00e9 d&#039;impression, Il ne vous reste plus qu&#039;\u00e0 vous concentrer sur les captures de vos meilleurs moments.                   Film mini   Format carte de cr\u00e9dit            &nbsp;\" \/>\n<meta property=\"og:url\" content=\"https:\/\/asma.ideotours.fr\/photoguibout\/produit\/fujifilm-instax-mini-11\/\" \/>\n<meta property=\"og:site_name\" content=\"Photo Guibout\" \/>\n<meta property=\"article:modified_time\" content=\"2023-06-24T08:35:58+00:00\" \/>\n<meta property=\"og:image\" content=\"https:\/\/asma.ideotours.fr\/photoguibout\/wp-content\/uploads\/2023\/05\/1000106743_INSTAX_MINI_11_BLANC-1.jpg\" \/>\n\t<meta property=\"og:image:width\" content=\"2000\" \/>\n\t<meta property=\"og:image:height\" content=\"2275\" \/>\n\t<meta property=\"og:image:type\" content=\"image\/jpeg\" \/>\n<meta name=\"twitter:card\" content=\"summary_large_image\" \/>\n<meta name=\"twitter:label1\" content=\"Dur\u00e9e de lecture estim\u00e9e\" \/>\n\t<meta name=\"twitter:data1\" content=\"1 minute\" \/>\n<script type=\"application\/ld+json\" class=\"yoast-schema-graph\">{\"@context\":\"https:\/\/schema.org\",\"@graph\":[{\"@type\":\"WebPage\",\"@id\":\"https:\/\/asma.ideotours.fr\/photoguibout\/produit\/fujifilm-instax-mini-11\/\",\"url\":\"https:\/\/asma.ideotours.fr\/photoguibout\/produit\/fujifilm-instax-mini-11\/\",\"name\":\"Fujifilm instax mini 11 - Photo Guibout\",\"isPartOf\":{\"@id\":\"https:\/\/asma.ideotours.fr\/photoguibout\/#website\"},\"datePublished\":\"2023-05-31T07:53:00+00:00\",\"dateModified\":\"2023-06-24T08:35:58+00:00\",\"breadcrumb\":{\"@id\":\"https:\/\/asma.ideotours.fr\/photoguibout\/produit\/fujifilm-instax-mini-11\/#breadcrumb\"},\"inLanguage\":\"fr-FR\",\"potentialAction\":[{\"@type\":\"ReadAction\",\"target\":[\"https:\/\/asma.ideotours.fr\/photoguibout\/produit\/fujifilm-instax-mini-11\/\"]}]},{\"@type\":\"BreadcrumbList\",\"@id\":\"https:\/\/asma.ideotours.fr\/photoguibout\/produit\/fujifilm-instax-mini-11\/#breadcrumb\",\"itemListElement\":[{\"@type\":\"ListItem\",\"position\":1,\"name\":\"Accueil\",\"item\":\"https:\/\/asma.ideotours.fr\/photoguibout\/\"},{\"@type\":\"ListItem\",\"position\":2,\"name\":\"Boutique\",\"item\":\"https:\/\/asma.ideotours.fr\/photoguibout\/boutique\/\"},{\"@type\":\"ListItem\",\"position\":3,\"name\":\"Fujifilm instax mini 11\"}]},{\"@type\":\"WebSite\",\"@id\":\"https:\/\/asma.ideotours.fr\/photoguibout\/#website\",\"url\":\"https:\/\/asma.ideotours.fr\/photoguibout\/\",\"name\":\"Photo Guibout\",\"description\":\"\",\"publisher\":{\"@id\":\"https:\/\/asma.ideotours.fr\/photoguibout\/#\/schema\/person\/3a9d5f568466f7757e0abc8be3054d3c\"},\"potentialAction\":[{\"@type\":\"SearchAction\",\"target\":{\"@type\":\"EntryPoint\",\"urlTemplate\":\"https:\/\/asma.ideotours.fr\/photoguibout\/?s={search_term_string}\"},\"query-input\":\"required name=search_term_string\"}],\"inLanguage\":\"fr-FR\"},{\"@type\":[\"Person\",\"Organization\"],\"@id\":\"https:\/\/asma.ideotours.fr\/photoguibout\/#\/schema\/person\/3a9d5f568466f7757e0abc8be3054d3c\",\"name\":\"IdeopointPOINTcom\",\"logo\":{\"@id\":\"https:\/\/asma.ideotours.fr\/photoguibout\/#\/schema\/person\/image\/\"},\"sameAs\":[\"https:\/\/asma.ideotours.fr\/photoguibout\"]}]}<\/script>\n<!-- \/ Yoast SEO plugin. -->","yoast_head_json":{"title":"Fujifilm instax mini 11 - Photo Guibout","robots":{"index":"noindex","follow":"follow","max-snippet":"max-snippet:-1","max-image-preview":"max-image-preview:large","max-video-preview":"max-video-preview:-1"},"og_locale":"fr_FR","og_type":"article","og_title":"Fujifilm instax mini 11 - Photo Guibout","og_description":"&nbsp;     Maintenant, encore plus de fa\u00e7ons de donner.        Mode Selfie    Tirez &amp; Posez Les selfies (et les gros plans) avec l'instax mini 11 sont vraiment tr\u00e8s simples. Il vous suffit de tirer le bord avant de l'objectif et, comme par magie, un objectif selfie int\u00e9gr\u00e9 -de la m\u00eame couleur que le bo\u00eetier de l'appareil photo- appara\u00eetra. Tenez ensuite l'instax mini 11 \u00e0 bout de bras, prenez la pose en v\u00e9rifiant bien le cadrage dans le miroir et d\u00e9clenchez .              Centr\u00e9 sur vous L'instax mini 11 fait toujours la mise au point sur vous... m\u00eame dans les arri\u00e8re-plans les plus sombres. L'exposition automatique int\u00e9gr\u00e9e vous permet de donner vie \u00e0 n'importe quel sujet. Ce petit appareil calcule intelligemment la luminosit\u00e9 de votre environnement et ajuste automatiquement la vitesse d'obturation n\u00e9cessaire. Ainsi, tous les yeux sont toujours riv\u00e9s sur le VIP de votre photo.     Simplicit\u00e9 d'utilisation    ... sans compromis Rien ne s'oppose \u00e0 la perfection avec l'instax mini 11. Simple \u00e0 utiliser et sans compromis sur la qualit\u00e9 d'impression, Il ne vous reste plus qu'\u00e0 vous concentrer sur les captures de vos meilleurs moments.                   Film mini   Format carte de cr\u00e9dit            &nbsp;","og_url":"https:\/\/asma.ideotours.fr\/photoguibout\/produit\/fujifilm-instax-mini-11\/","og_site_name":"Photo Guibout","article_modified_time":"2023-06-24T08:35:58+00:00","og_image":[{"width":2000,"height":2275,"url":"https:\/\/asma.ideotours.fr\/photoguibout\/wp-content\/uploads\/2023\/05\/1000106743_INSTAX_MINI_11_BLANC-1.jpg","type":"image\/jpeg"}],"twitter_card":"summary_large_image","twitter_misc":{"Dur\u00e9e de lecture estim\u00e9e":"1 minute"},"schema":{"@context":"https:\/\/schema.org","@graph":[{"@type":"WebPage","@id":"https:\/\/asma.ideotours.fr\/photoguibout\/produit\/fujifilm-instax-mini-11\/","url":"https:\/\/asma.ideotours.fr\/photoguibout\/produit\/fujifilm-instax-mini-11\/","name":"Fujifilm instax mini 11 - Photo Guibout","isPartOf":{"@id":"https:\/\/asma.ideotours.fr\/photoguibout\/#website"},"datePublished":"2023-05-31T07:53:00+00:00","dateModified":"2023-06-24T08:35:58+00:00","breadcrumb":{"@id":"https:\/\/asma.ideotours.fr\/photoguibout\/produit\/fujifilm-instax-mini-11\/#breadcrumb"},"inLanguage":"fr-FR","potentialAction":[{"@type":"ReadAction","target":["https:\/\/asma.ideotours.fr\/photoguibout\/produit\/fujifilm-instax-mini-11\/"]}]},{"@type":"BreadcrumbList","@id":"https:\/\/asma.ideotours.fr\/photoguibout\/produit\/fujifilm-instax-mini-11\/#breadcrumb","itemListElement":[{"@type":"ListItem","position":1,"name":"Accueil","item":"https:\/\/asma.ideotours.fr\/photoguibout\/"},{"@type":"ListItem","position":2,"name":"Boutique","item":"https:\/\/asma.ideotours.fr\/photoguibout\/boutique\/"},{"@type":"ListItem","position":3,"name":"Fujifilm instax mini 11"}]},{"@type":"WebSite","@id":"https:\/\/asma.ideotours.fr\/photoguibout\/#website","url":"https:\/\/asma.ideotours.fr\/photoguibout\/","name":"Photo Guibout","description":"","publisher":{"@id":"https:\/\/asma.ideotours.fr\/photoguibout\/#\/schema\/person\/3a9d5f568466f7757e0abc8be3054d3c"},"potentialAction":[{"@type":"SearchAction","target":{"@type":"EntryPoint","urlTemplate":"https:\/\/asma.ideotours.fr\/photoguibout\/?s={search_term_string}"},"query-input":"required name=search_term_string"}],"inLanguage":"fr-FR"},{"@type":["Person","Organization"],"@id":"https:\/\/asma.ideotours.fr\/photoguibout\/#\/schema\/person\/3a9d5f568466f7757e0abc8be3054d3c","name":"IdeopointPOINTcom","logo":{"@id":"https:\/\/asma.ideotours.fr\/photoguibout\/#\/schema\/person\/image\/"},"sameAs":["https:\/\/asma.ideotours.fr\/photoguibout"]}]}},"_links":{"self":[{"href":"https:\/\/asma.ideotours.fr\/photoguibout\/wp-json\/wp\/v3\/product\/905"}],"collection":[{"href":"https:\/\/asma.ideotours.fr\/photoguibout\/wp-json\/wp\/v3\/product"}],"about":[{"href":"https:\/\/asma.ideotours.fr\/photoguibout\/wp-json\/wp\/v2\/types\/product"}],"replies":[{"embeddable":true,"href":"https:\/\/asma.ideotours.fr\/photoguibout\/wp-json\/wp\/v2\/comments?post=905"}],"wp:featuredmedia":[{"embeddable":true,"href":"https:\/\/asma.ideotours.fr\/photoguibout\/wp-json\/wp\/v2\/media\/925"}],"wp:attachment":[{"href":"https:\/\/asma.ideotours.fr\/photoguibout\/wp-json\/wp\/v2\/media?parent=905"}],"wp:term":[{"taxonomy":"product_cat","embeddable":true,"href":"https:\/\/asma.ideotours.fr\/photoguibout\/wp-json\/wp\/v2\/product_cat?post=905"},{"taxonomy":"product_tag","embeddable":true,"href":"https:\/\/asma.ideotours.fr\/photoguibout\/wp-json\/wp\/v2\/product_tag?post=905"}],"curies":[{"name":"wp","href":"https:\/\/api.w.org\/{rel}","templated":true}]}}