
{"id":988,"date":"2023-06-28T10:47:46","date_gmt":"2023-06-28T08:47:46","guid":{"rendered":"https:\/\/asma.ideotours.fr\/photoguibout\/?post_type=product&#038;p=988"},"modified":"2023-06-28T10:56:49","modified_gmt":"2023-06-28T08:56:49","slug":"fuji-instax-mini-evo-noir","status":"publish","type":"product","link":"https:\/\/asma.ideotours.fr\/photoguibout\/produit\/fuji-instax-mini-evo-noir\/","title":{"rendered":"FUJI INSTAX MINI EVO NOIR"},"content":{"rendered":"<table border=\"0\" cellspacing=\"0\" cellpadding=\"0\" align=\"center\">\n<tbody>\n<tr>\n<td>Type<\/td>\n<td>Appareil photo instantan\u00e9<\/td>\n<\/tr>\n<tr>\n<td>Type<\/td>\n<td>Appareil photo instantan\u00e9<\/td>\n<\/tr>\n<tr>\n<td>Capteur d'image<\/td>\n<td>CMOS de 1\/5''<\/td>\n<\/tr>\n<tr>\n<td>Taille du film (mm)<\/td>\n<td>54 x 86<\/td>\n<\/tr>\n<tr>\n<td>Taille photo<\/td>\n<td>62 x 46 mm<\/td>\n<\/tr>\n<tr>\n<td>Retardateur<\/td>\n<td>Oui<\/td>\n<\/tr>\n<tr>\n<td>Stabilisateur d'image<\/td>\n<td>Oui<\/td>\n<\/tr>\n<tr>\n<td>Ouverture<\/td>\n<td>F2.0<\/td>\n<\/tr>\n<tr>\n<td>Stockage<\/td>\n<td>45 images dans la m\u00e9moire interne, 850 images par 1 Go dans la carte m\u00e9moire<\/td>\n<\/tr>\n<tr>\n<td>Type de modes image<\/td>\n<td>Balance des blancs (Auto, Fin, Ombre, Fluorescent, Incandescent)<\/td>\n<\/tr>\n<tr>\n<td>Objectif<\/td>\n<td>Ouverture f2.0<\/td>\n<\/tr>\n<tr>\n<td>Autofocus<\/td>\n<td>Oui<\/td>\n<\/tr>\n<tr>\n<td>Flash<\/td>\n<td>Oui<\/td>\n<\/tr>\n<tr>\n<td>Type de flash<\/td>\n<td>Automatique \/ Forc\u00e9 \/ Supprim\u00e9<\/td>\n<\/tr>\n<tr>\n<td>Temps de d\u00e9veloppement du film<\/td>\n<td>Environs 90 secondes (en fonction de la temp\u00e9rature ambiante)<\/td>\n<\/tr>\n<tr>\n<td>Wi-Fi<\/td>\n<td>Non<\/td>\n<\/tr>\n<tr>\n<td>Bluetooth<\/td>\n<td>Oui<\/td>\n<\/tr>\n<tr>\n<td>Etanche<\/td>\n<td>Non<\/td>\n<\/tr>\n<tr>\n<td>Fonctions<\/td>\n<td>10x effets de film, 10x effets de lentille<\/td>\n<\/tr>\n<tr>\n<td>Divers<\/td>\n<td>Miroir \u00e0 selfie int\u00e9gr\u00e9, 2 boutons d'obturateur (un pour les photos en portrait et un pour le paysage)<\/td>\n<\/tr>\n<tr>\n<td>Couleur<\/td>\n<td>Noir<\/td>\n<\/tr>\n<tr>\n<td colspan=\"2\"><\/td>\n<\/tr>\n<tr>\n<td colspan=\"2\">ENREGISTREMENT<\/td>\n<\/tr>\n<tr>\n<td>Carte m\u00e9moire compatible<\/td>\n<td>MicroSD, MicroSDHC<\/td>\n<\/tr>\n<tr>\n<td colspan=\"2\"><\/td>\n<\/tr>\n<tr>\n<td colspan=\"2\">ECRAN &amp; AFFICHAGE<\/td>\n<\/tr>\n<tr>\n<td>Ecran<\/td>\n<td>Oui<\/td>\n<\/tr>\n<tr>\n<td>Type d'\u00e9cran<\/td>\n<td>LCD TFT 3.0''<\/td>\n<\/tr>\n<tr>\n<td colspan=\"2\"><\/td>\n<\/tr>\n<tr>\n<td colspan=\"2\">ACCESSOIRES EN OPTION<\/td>\n<\/tr>\n<tr>\n<td>Accessoire(s) en option<\/td>\n<td>Film Instax mini<\/td>\n<\/tr>\n<tr>\n<td colspan=\"2\"><\/td>\n<\/tr>\n<tr>\n<td colspan=\"2\">ALIMENTATION &amp; CONSOMMATION<\/td>\n<\/tr>\n<tr>\n<td>Alimentation<\/td>\n<td>Batterie lithium-ion<\/td>\n<\/tr>\n<tr>\n<td>Autonomie<\/td>\n<td>Environ 100 images<\/td>\n<\/tr>\n<tr>\n<td>Temps de charge<\/td>\n<td>2 \u00e0 3 heures<\/td>\n<\/tr>\n<tr>\n<td colspan=\"2\"><\/td>\n<\/tr>\n<tr>\n<td colspan=\"2\">DIMENSIONS &amp; POIDS<\/td>\n<\/tr>\n<tr>\n<td>Dimensions en mm (L x H x P)<\/td>\n<td>87 x 122.9 x 36<\/td>\n<\/tr>\n<tr>\n<td>Poids net sans accessoires (g)<\/td>\n<td>285<\/td>\n<\/tr>\n<\/tbody>\n<\/table>\n","protected":false},"excerpt":{"rendered":"<p>Le Fuji Instax Mini Evo Noir est un choix id\u00e9al pour les amateurs de photographie qui recherchent une fa\u00e7on amusante et instantan\u00e9e d&#8217;immortaliser leurs moments sp\u00e9ciaux. Avec son design \u00e9l\u00e9gant, sa qualit\u00e9 d&#8217;image remarquable et sa facilit\u00e9 d&#8217;utilisation, cet appareil vous permet de cr\u00e9er des souvenirs tangibles que vous pouvez partager et ch\u00e9rir instantan\u00e9ment.<\/p>\n","protected":false},"featured_media":989,"comment_status":"open","ping_status":"closed","template":"","meta":{"_vp_format_video_url":"","_vp_image_focal_point":[]},"product_cat":[24],"product_tag":[],"yoast_head":"<!-- This site is optimized with the Yoast SEO plugin v20.5 - https:\/\/yoast.com\/wordpress\/plugins\/seo\/ -->\n<title>FUJI INSTAX MINI EVO NOIR - Photo Guibout<\/title>\n<meta name=\"robots\" content=\"noindex, follow, max-snippet:-1, max-image-preview:large, max-video-preview:-1\" \/>\n<meta property=\"og:locale\" content=\"fr_FR\" \/>\n<meta property=\"og:type\" content=\"article\" \/>\n<meta property=\"og:title\" content=\"FUJI INSTAX MINI EVO NOIR - Photo Guibout\" \/>\n<meta property=\"og:description\" content=\"Le Fuji Instax Mini Evo Noir est un choix id\u00e9al pour les amateurs de photographie qui recherchent une fa\u00e7on amusante et instantan\u00e9e d&#039;immortaliser leurs moments sp\u00e9ciaux. Avec son design \u00e9l\u00e9gant, sa qualit\u00e9 d&#039;image remarquable et sa facilit\u00e9 d&#039;utilisation, cet appareil vous permet de cr\u00e9er des souvenirs tangibles que vous pouvez partager et ch\u00e9rir instantan\u00e9ment.\" \/>\n<meta property=\"og:url\" content=\"https:\/\/asma.ideotours.fr\/photoguibout\/produit\/fuji-instax-mini-evo-noir\/\" \/>\n<meta property=\"og:site_name\" content=\"Photo Guibout\" \/>\n<meta property=\"article:modified_time\" content=\"2023-06-28T08:56:49+00:00\" \/>\n<meta property=\"og:image\" content=\"https:\/\/asma.ideotours.fr\/photoguibout\/wp-content\/uploads\/2023\/06\/1000125449_INSTAX_MINI_EVO_NOIR-2.jpg\" \/>\n\t<meta property=\"og:image:width\" content=\"1200\" \/>\n\t<meta property=\"og:image:height\" content=\"850\" \/>\n\t<meta property=\"og:image:type\" content=\"image\/jpeg\" \/>\n<meta name=\"twitter:card\" content=\"summary_large_image\" \/>\n<meta name=\"twitter:label1\" content=\"Dur\u00e9e de lecture estim\u00e9e\" \/>\n\t<meta name=\"twitter:data1\" content=\"1 minute\" \/>\n<script type=\"application\/ld+json\" class=\"yoast-schema-graph\">{\"@context\":\"https:\/\/schema.org\",\"@graph\":[{\"@type\":\"WebPage\",\"@id\":\"https:\/\/asma.ideotours.fr\/photoguibout\/produit\/fuji-instax-mini-evo-noir\/\",\"url\":\"https:\/\/asma.ideotours.fr\/photoguibout\/produit\/fuji-instax-mini-evo-noir\/\",\"name\":\"FUJI INSTAX MINI EVO NOIR - Photo Guibout\",\"isPartOf\":{\"@id\":\"https:\/\/asma.ideotours.fr\/photoguibout\/#website\"},\"datePublished\":\"2023-06-28T08:47:46+00:00\",\"dateModified\":\"2023-06-28T08:56:49+00:00\",\"breadcrumb\":{\"@id\":\"https:\/\/asma.ideotours.fr\/photoguibout\/produit\/fuji-instax-mini-evo-noir\/#breadcrumb\"},\"inLanguage\":\"fr-FR\",\"potentialAction\":[{\"@type\":\"ReadAction\",\"target\":[\"https:\/\/asma.ideotours.fr\/photoguibout\/produit\/fuji-instax-mini-evo-noir\/\"]}]},{\"@type\":\"BreadcrumbList\",\"@id\":\"https:\/\/asma.ideotours.fr\/photoguibout\/produit\/fuji-instax-mini-evo-noir\/#breadcrumb\",\"itemListElement\":[{\"@type\":\"ListItem\",\"position\":1,\"name\":\"Accueil\",\"item\":\"https:\/\/asma.ideotours.fr\/photoguibout\/\"},{\"@type\":\"ListItem\",\"position\":2,\"name\":\"Boutique\",\"item\":\"https:\/\/asma.ideotours.fr\/photoguibout\/boutique\/\"},{\"@type\":\"ListItem\",\"position\":3,\"name\":\"FUJI INSTAX MINI EVO NOIR\"}]},{\"@type\":\"WebSite\",\"@id\":\"https:\/\/asma.ideotours.fr\/photoguibout\/#website\",\"url\":\"https:\/\/asma.ideotours.fr\/photoguibout\/\",\"name\":\"Photo Guibout\",\"description\":\"\",\"publisher\":{\"@id\":\"https:\/\/asma.ideotours.fr\/photoguibout\/#\/schema\/person\/3a9d5f568466f7757e0abc8be3054d3c\"},\"potentialAction\":[{\"@type\":\"SearchAction\",\"target\":{\"@type\":\"EntryPoint\",\"urlTemplate\":\"https:\/\/asma.ideotours.fr\/photoguibout\/?s={search_term_string}\"},\"query-input\":\"required name=search_term_string\"}],\"inLanguage\":\"fr-FR\"},{\"@type\":[\"Person\",\"Organization\"],\"@id\":\"https:\/\/asma.ideotours.fr\/photoguibout\/#\/schema\/person\/3a9d5f568466f7757e0abc8be3054d3c\",\"name\":\"IdeopointPOINTcom\",\"logo\":{\"@id\":\"https:\/\/asma.ideotours.fr\/photoguibout\/#\/schema\/person\/image\/\"},\"sameAs\":[\"https:\/\/asma.ideotours.fr\/photoguibout\"]}]}<\/script>\n<!-- \/ Yoast SEO plugin. -->","yoast_head_json":{"title":"FUJI INSTAX MINI EVO NOIR - Photo Guibout","robots":{"index":"noindex","follow":"follow","max-snippet":"max-snippet:-1","max-image-preview":"max-image-preview:large","max-video-preview":"max-video-preview:-1"},"og_locale":"fr_FR","og_type":"article","og_title":"FUJI INSTAX MINI EVO NOIR - Photo Guibout","og_description":"Le Fuji Instax Mini Evo Noir est un choix id\u00e9al pour les amateurs de photographie qui recherchent une fa\u00e7on amusante et instantan\u00e9e d'immortaliser leurs moments sp\u00e9ciaux. Avec son design \u00e9l\u00e9gant, sa qualit\u00e9 d'image remarquable et sa facilit\u00e9 d'utilisation, cet appareil vous permet de cr\u00e9er des souvenirs tangibles que vous pouvez partager et ch\u00e9rir instantan\u00e9ment.","og_url":"https:\/\/asma.ideotours.fr\/photoguibout\/produit\/fuji-instax-mini-evo-noir\/","og_site_name":"Photo Guibout","article_modified_time":"2023-06-28T08:56:49+00:00","og_image":[{"width":1200,"height":850,"url":"https:\/\/asma.ideotours.fr\/photoguibout\/wp-content\/uploads\/2023\/06\/1000125449_INSTAX_MINI_EVO_NOIR-2.jpg","type":"image\/jpeg"}],"twitter_card":"summary_large_image","twitter_misc":{"Dur\u00e9e de lecture estim\u00e9e":"1 minute"},"schema":{"@context":"https:\/\/schema.org","@graph":[{"@type":"WebPage","@id":"https:\/\/asma.ideotours.fr\/photoguibout\/produit\/fuji-instax-mini-evo-noir\/","url":"https:\/\/asma.ideotours.fr\/photoguibout\/produit\/fuji-instax-mini-evo-noir\/","name":"FUJI INSTAX MINI EVO NOIR - Photo Guibout","isPartOf":{"@id":"https:\/\/asma.ideotours.fr\/photoguibout\/#website"},"datePublished":"2023-06-28T08:47:46+00:00","dateModified":"2023-06-28T08:56:49+00:00","breadcrumb":{"@id":"https:\/\/asma.ideotours.fr\/photoguibout\/produit\/fuji-instax-mini-evo-noir\/#breadcrumb"},"inLanguage":"fr-FR","potentialAction":[{"@type":"ReadAction","target":["https:\/\/asma.ideotours.fr\/photoguibout\/produit\/fuji-instax-mini-evo-noir\/"]}]},{"@type":"BreadcrumbList","@id":"https:\/\/asma.ideotours.fr\/photoguibout\/produit\/fuji-instax-mini-evo-noir\/#breadcrumb","itemListElement":[{"@type":"ListItem","position":1,"name":"Accueil","item":"https:\/\/asma.ideotours.fr\/photoguibout\/"},{"@type":"ListItem","position":2,"name":"Boutique","item":"https:\/\/asma.ideotours.fr\/photoguibout\/boutique\/"},{"@type":"ListItem","position":3,"name":"FUJI INSTAX MINI EVO NOIR"}]},{"@type":"WebSite","@id":"https:\/\/asma.ideotours.fr\/photoguibout\/#website","url":"https:\/\/asma.ideotours.fr\/photoguibout\/","name":"Photo Guibout","description":"","publisher":{"@id":"https:\/\/asma.ideotours.fr\/photoguibout\/#\/schema\/person\/3a9d5f568466f7757e0abc8be3054d3c"},"potentialAction":[{"@type":"SearchAction","target":{"@type":"EntryPoint","urlTemplate":"https:\/\/asma.ideotours.fr\/photoguibout\/?s={search_term_string}"},"query-input":"required name=search_term_string"}],"inLanguage":"fr-FR"},{"@type":["Person","Organization"],"@id":"https:\/\/asma.ideotours.fr\/photoguibout\/#\/schema\/person\/3a9d5f568466f7757e0abc8be3054d3c","name":"IdeopointPOINTcom","logo":{"@id":"https:\/\/asma.ideotours.fr\/photoguibout\/#\/schema\/person\/image\/"},"sameAs":["https:\/\/asma.ideotours.fr\/photoguibout"]}]}},"_links":{"self":[{"href":"https:\/\/asma.ideotours.fr\/photoguibout\/wp-json\/wp\/v3\/product\/988"}],"collection":[{"href":"https:\/\/asma.ideotours.fr\/photoguibout\/wp-json\/wp\/v3\/product"}],"about":[{"href":"https:\/\/asma.ideotours.fr\/photoguibout\/wp-json\/wp\/v2\/types\/product"}],"replies":[{"embeddable":true,"href":"https:\/\/asma.ideotours.fr\/photoguibout\/wp-json\/wp\/v2\/comments?post=988"}],"wp:featuredmedia":[{"embeddable":true,"href":"https:\/\/asma.ideotours.fr\/photoguibout\/wp-json\/wp\/v2\/media\/989"}],"wp:attachment":[{"href":"https:\/\/asma.ideotours.fr\/photoguibout\/wp-json\/wp\/v2\/media?parent=988"}],"wp:term":[{"taxonomy":"product_cat","embeddable":true,"href":"https:\/\/asma.ideotours.fr\/photoguibout\/wp-json\/wp\/v2\/product_cat?post=988"},{"taxonomy":"product_tag","embeddable":true,"href":"https:\/\/asma.ideotours.fr\/photoguibout\/wp-json\/wp\/v2\/product_tag?post=988"}],"curies":[{"name":"wp","href":"https:\/\/api.w.org\/{rel}","templated":true}]}}